{"id":1112,"date":"2021-11-19T14:12:49","date_gmt":"2021-11-19T13:12:49","guid":{"rendered":"https:\/\/hotelsunflower.ms.decms.eu\/?page_id=1112"},"modified":"2021-11-19T14:14:26","modified_gmt":"2021-11-19T13:14:26","slug":"doble-para-uso-individual","status":"publish","type":"page","link":"https:\/\/www.hotelsunflower.it\/es\/nuestras-habitaciones\/doble-para-uso-individual\/","title":{"rendered":"Doble para uso individual"},"content":{"rendered":"<p>18 m\u00b2<\/p>\n<p>Cama de 160 x 200<\/p>\n<p>Es la habitaci\u00f3n favorita para estancias de negocios y la m\u00e1s elegida por los hu\u00e9spedes que viajan solos o prefieren una cama o un espacio m\u00e1s amplios. Descansar c\u00f3modamente es esencial para mantener la concentraci\u00f3n y ser eficiente, llegar a las citas en Fiera MilanoCity en 5 minutos o a los compromisos en Fiera Milano Rho en tan solo 15 minutos en coche.<\/p>\n","protected":false},"excerpt":{"rendered":"<p>18 m\u00b2 Cama de 160 x 200 Es la habitaci\u00f3n favorita para estancias de negocios [&hellip;]<\/p>\n","protected":false},"author":13,"featured_media":628,"parent":1111,"menu_order":20,"comment_status":"closed","ping_status":"closed","template":"template-single-room.php","meta":{"footnotes":""},"class_list":["post-1112","page","type-page","status-publish","has-post-thumbnail","hentry"],"yoast_head":"<!-- This site is optimized with the Yoast SEO plugin v26.9 - https:\/\/yoast.com\/product\/yoast-seo-wordpress\/ -->\n<title>Doble para uso individual &#8226; Hotel Sunflower &#8226;<\/title>\n<meta name=\"description\" content=\"18 m\u00b2  Cama de 160 x 200  Es la habitaci\u00f3n favorita para estancias de negocios y la m\u00e1s elegida por los hu\u00e9spedes que viajan solos o prefieren una cama o un espacio m\u00e1s amplios. Descansar c\u00f3modamente es esencial para mantener la concentraci\u00f3n y ser eficiente, llegar a las citas en Fiera MilanoCity en 5 minutos o a los compromisos en Fiera Milano Rho en tan solo 15 minutos en coche.\" \/>\n<meta name=\"robots\" content=\"index, follow, max-snippet:-1, max-image-preview:large, max-video-preview:-1\" \/>\n<link rel=\"canonical\" href=\"https:\/\/www.hotelsunflower.it\/es\/nuestras-habitaciones\/doble-para-uso-individual\/\" \/>\n<meta property=\"og:locale\" content=\"es_ES\" \/>\n<meta property=\"og:type\" content=\"article\" \/>\n<meta property=\"og:title\" content=\"Doble para uso individual &#8226; Hotel Sunflower &#8226;\" \/>\n<meta property=\"og:description\" content=\"18 m\u00b2  Cama de 160 x 200  Es la habitaci\u00f3n favorita para estancias de negocios y la m\u00e1s elegida por los hu\u00e9spedes que viajan solos o prefieren una cama o un espacio m\u00e1s amplios. Descansar c\u00f3modamente es esencial para mantener la concentraci\u00f3n y ser eficiente, llegar a las citas en Fiera MilanoCity en 5 minutos o a los compromisos en Fiera Milano Rho en tan solo 15 minutos en coche.\" \/>\n<meta property=\"og:url\" content=\"https:\/\/www.hotelsunflower.it\/es\/nuestras-habitaciones\/doble-para-uso-individual\/\" \/>\n<meta property=\"og:site_name\" content=\"Hotel Sunflower\" \/>\n<meta property=\"article:modified_time\" content=\"2021-11-19T13:14:26+00:00\" \/>\n<meta property=\"og:image\" content=\"https:\/\/www.hotelsunflower.it\/wp-content\/uploads\/sites\/315\/2021\/11\/hotel_sunflower_camere_doppia_us_gallery_03.jpg\" \/>\n\t<meta property=\"og:image:width\" content=\"1200\" \/>\n\t<meta property=\"og:image:height\" content=\"800\" \/>\n\t<meta property=\"og:image:type\" content=\"image\/jpeg\" \/>\n<meta name=\"twitter:card\" content=\"summary_large_image\" \/>\n<script type=\"application\/ld+json\" class=\"yoast-schema-graph\">{\"@context\":\"https:\/\/schema.org\",\"@graph\":[{\"@type\":\"WebPage\",\"@id\":\"https:\/\/www.hotelsunflower.it\/es\/nuestras-habitaciones\/doble-para-uso-individual\/\",\"url\":\"https:\/\/www.hotelsunflower.it\/es\/nuestras-habitaciones\/doble-para-uso-individual\/\",\"name\":\"Doble para uso individual &#8226; Hotel Sunflower &#8226;\",\"isPartOf\":{\"@id\":\"https:\/\/www.hotelsunflower.it\/es\/#website\"},\"primaryImageOfPage\":{\"@id\":\"https:\/\/www.hotelsunflower.it\/es\/nuestras-habitaciones\/doble-para-uso-individual\/#primaryimage\"},\"image\":{\"@id\":\"https:\/\/www.hotelsunflower.it\/es\/nuestras-habitaciones\/doble-para-uso-individual\/#primaryimage\"},\"thumbnailUrl\":\"https:\/\/www.hotelsunflower.it\/wp-content\/uploads\/sites\/315\/2021\/11\/hotel_sunflower_camere_doppia_us_gallery_03.jpg\",\"datePublished\":\"2021-11-19T13:12:49+00:00\",\"dateModified\":\"2021-11-19T13:14:26+00:00\",\"description\":\"18 m\u00b2 Cama de 160 x 200 Es la habitaci\u00f3n favorita para estancias de negocios y la m\u00e1s elegida por los hu\u00e9spedes que viajan solos o prefieren una cama o un espacio m\u00e1s amplios. Descansar c\u00f3modamente es esencial para mantener la concentraci\u00f3n y ser eficiente, llegar a las citas en Fiera MilanoCity en 5 minutos o a los compromisos en Fiera Milano Rho en tan solo 15 minutos en coche.\",\"breadcrumb\":{\"@id\":\"https:\/\/www.hotelsunflower.it\/es\/nuestras-habitaciones\/doble-para-uso-individual\/#breadcrumb\"},\"inLanguage\":\"es\",\"potentialAction\":[{\"@type\":\"ReadAction\",\"target\":[\"https:\/\/www.hotelsunflower.it\/es\/nuestras-habitaciones\/doble-para-uso-individual\/\"]}]},{\"@type\":\"ImageObject\",\"inLanguage\":\"es\",\"@id\":\"https:\/\/www.hotelsunflower.it\/es\/nuestras-habitaciones\/doble-para-uso-individual\/#primaryimage\",\"url\":\"https:\/\/www.hotelsunflower.it\/wp-content\/uploads\/sites\/315\/2021\/11\/hotel_sunflower_camere_doppia_us_gallery_03.jpg\",\"contentUrl\":\"https:\/\/www.hotelsunflower.it\/wp-content\/uploads\/sites\/315\/2021\/11\/hotel_sunflower_camere_doppia_us_gallery_03.jpg\",\"width\":1200,\"height\":800},{\"@type\":\"BreadcrumbList\",\"@id\":\"https:\/\/www.hotelsunflower.it\/es\/nuestras-habitaciones\/doble-para-uso-individual\/#breadcrumb\",\"itemListElement\":[{\"@type\":\"ListItem\",\"position\":1,\"name\":\"Home\",\"item\":\"https:\/\/www.hotelsunflower.it\/es\/\"},{\"@type\":\"ListItem\",\"position\":2,\"name\":\"Nuestras habitaciones\",\"item\":\"https:\/\/www.hotelsunflower.it\/es\/nuestras-habitaciones\/\"},{\"@type\":\"ListItem\",\"position\":3,\"name\":\"Doble para uso individual\"}]},{\"@type\":\"WebSite\",\"@id\":\"https:\/\/www.hotelsunflower.it\/es\/#website\",\"url\":\"https:\/\/www.hotelsunflower.it\/es\/\",\"name\":\"Hotel Sunflower\",\"description\":\"Ecco un altro sito ms.decms.eu\",\"potentialAction\":[{\"@type\":\"SearchAction\",\"target\":{\"@type\":\"EntryPoint\",\"urlTemplate\":\"https:\/\/www.hotelsunflower.it\/es\/?s={search_term_string}\"},\"query-input\":{\"@type\":\"PropertyValueSpecification\",\"valueRequired\":true,\"valueName\":\"search_term_string\"}}],\"inLanguage\":\"es\"}]}<\/script>\n<!-- \/ Yoast SEO plugin. -->","yoast_head_json":{"title":"Doble para uso individual &#8226; Hotel Sunflower &#8226;","description":"18 m\u00b2  Cama de 160 x 200  Es la habitaci\u00f3n favorita para estancias de negocios y la m\u00e1s elegida por los hu\u00e9spedes que viajan solos o prefieren una cama o un espacio m\u00e1s amplios. Descansar c\u00f3modamente es esencial para mantener la concentraci\u00f3n y ser eficiente, llegar a las citas en Fiera MilanoCity en 5 minutos o a los compromisos en Fiera Milano Rho en tan solo 15 minutos en coche.","robots":{"index":"index","follow":"follow","max-snippet":"max-snippet:-1","max-image-preview":"max-image-preview:large","max-video-preview":"max-video-preview:-1"},"canonical":"https:\/\/www.hotelsunflower.it\/es\/nuestras-habitaciones\/doble-para-uso-individual\/","og_locale":"es_ES","og_type":"article","og_title":"Doble para uso individual &#8226; Hotel Sunflower &#8226;","og_description":"18 m\u00b2  Cama de 160 x 200  Es la habitaci\u00f3n favorita para estancias de negocios y la m\u00e1s elegida por los hu\u00e9spedes que viajan solos o prefieren una cama o un espacio m\u00e1s amplios. Descansar c\u00f3modamente es esencial para mantener la concentraci\u00f3n y ser eficiente, llegar a las citas en Fiera MilanoCity en 5 minutos o a los compromisos en Fiera Milano Rho en tan solo 15 minutos en coche.","og_url":"https:\/\/www.hotelsunflower.it\/es\/nuestras-habitaciones\/doble-para-uso-individual\/","og_site_name":"Hotel Sunflower","article_modified_time":"2021-11-19T13:14:26+00:00","og_image":[{"width":1200,"height":800,"url":"https:\/\/www.hotelsunflower.it\/wp-content\/uploads\/sites\/315\/2021\/11\/hotel_sunflower_camere_doppia_us_gallery_03.jpg","type":"image\/jpeg"}],"twitter_card":"summary_large_image","schema":{"@context":"https:\/\/schema.org","@graph":[{"@type":"WebPage","@id":"https:\/\/www.hotelsunflower.it\/es\/nuestras-habitaciones\/doble-para-uso-individual\/","url":"https:\/\/www.hotelsunflower.it\/es\/nuestras-habitaciones\/doble-para-uso-individual\/","name":"Doble para uso individual &#8226; Hotel Sunflower &#8226;","isPartOf":{"@id":"https:\/\/www.hotelsunflower.it\/es\/#website"},"primaryImageOfPage":{"@id":"https:\/\/www.hotelsunflower.it\/es\/nuestras-habitaciones\/doble-para-uso-individual\/#primaryimage"},"image":{"@id":"https:\/\/www.hotelsunflower.it\/es\/nuestras-habitaciones\/doble-para-uso-individual\/#primaryimage"},"thumbnailUrl":"https:\/\/www.hotelsunflower.it\/wp-content\/uploads\/sites\/315\/2021\/11\/hotel_sunflower_camere_doppia_us_gallery_03.jpg","datePublished":"2021-11-19T13:12:49+00:00","dateModified":"2021-11-19T13:14:26+00:00","description":"18 m\u00b2 Cama de 160 x 200 Es la habitaci\u00f3n favorita para estancias de negocios y la m\u00e1s elegida por los hu\u00e9spedes que viajan solos o prefieren una cama o un espacio m\u00e1s amplios. Descansar c\u00f3modamente es esencial para mantener la concentraci\u00f3n y ser eficiente, llegar a las citas en Fiera MilanoCity en 5 minutos o a los compromisos en Fiera Milano Rho en tan solo 15 minutos en coche.","breadcrumb":{"@id":"https:\/\/www.hotelsunflower.it\/es\/nuestras-habitaciones\/doble-para-uso-individual\/#breadcrumb"},"inLanguage":"es","potentialAction":[{"@type":"ReadAction","target":["https:\/\/www.hotelsunflower.it\/es\/nuestras-habitaciones\/doble-para-uso-individual\/"]}]},{"@type":"ImageObject","inLanguage":"es","@id":"https:\/\/www.hotelsunflower.it\/es\/nuestras-habitaciones\/doble-para-uso-individual\/#primaryimage","url":"https:\/\/www.hotelsunflower.it\/wp-content\/uploads\/sites\/315\/2021\/11\/hotel_sunflower_camere_doppia_us_gallery_03.jpg","contentUrl":"https:\/\/www.hotelsunflower.it\/wp-content\/uploads\/sites\/315\/2021\/11\/hotel_sunflower_camere_doppia_us_gallery_03.jpg","width":1200,"height":800},{"@type":"BreadcrumbList","@id":"https:\/\/www.hotelsunflower.it\/es\/nuestras-habitaciones\/doble-para-uso-individual\/#breadcrumb","itemListElement":[{"@type":"ListItem","position":1,"name":"Home","item":"https:\/\/www.hotelsunflower.it\/es\/"},{"@type":"ListItem","position":2,"name":"Nuestras habitaciones","item":"https:\/\/www.hotelsunflower.it\/es\/nuestras-habitaciones\/"},{"@type":"ListItem","position":3,"name":"Doble para uso individual"}]},{"@type":"WebSite","@id":"https:\/\/www.hotelsunflower.it\/es\/#website","url":"https:\/\/www.hotelsunflower.it\/es\/","name":"Hotel Sunflower","description":"Ecco un altro sito ms.decms.eu","potentialAction":[{"@type":"SearchAction","target":{"@type":"EntryPoint","urlTemplate":"https:\/\/www.hotelsunflower.it\/es\/?s={search_term_string}"},"query-input":{"@type":"PropertyValueSpecification","valueRequired":true,"valueName":"search_term_string"}}],"inLanguage":"es"}]}},"acf":[],"_links":{"self":[{"href":"https:\/\/www.hotelsunflower.it\/es\/wp-json\/wp\/v2\/pages\/1112","targetHints":{"allow":["GET"]}}],"collection":[{"href":"https:\/\/www.hotelsunflower.it\/es\/wp-json\/wp\/v2\/pages"}],"about":[{"href":"https:\/\/www.hotelsunflower.it\/es\/wp-json\/wp\/v2\/types\/page"}],"author":[{"embeddable":true,"href":"https:\/\/www.hotelsunflower.it\/es\/wp-json\/wp\/v2\/users\/13"}],"replies":[{"embeddable":true,"href":"https:\/\/www.hotelsunflower.it\/es\/wp-json\/wp\/v2\/comments?post=1112"}],"version-history":[{"count":0,"href":"https:\/\/www.hotelsunflower.it\/es\/wp-json\/wp\/v2\/pages\/1112\/revisions"}],"up":[{"embeddable":true,"href":"https:\/\/www.hotelsunflower.it\/es\/wp-json\/wp\/v2\/pages\/1111"}],"wp:featuredmedia":[{"embeddable":true,"href":"https:\/\/www.hotelsunflower.it\/es\/wp-json\/wp\/v2\/media\/628"}],"wp:attachment":[{"href":"https:\/\/www.hotelsunflower.it\/es\/wp-json\/wp\/v2\/media?parent=1112"}],"curies":[{"name":"wp","href":"https:\/\/api.w.org\/{rel}","templated":true}]}}