{"id":1114,"date":"2021-11-19T14:13:00","date_gmt":"2021-11-19T13:13:00","guid":{"rendered":"https:\/\/hotelsunflower.ms.decms.eu\/?page_id=1114"},"modified":"2021-11-19T14:14:24","modified_gmt":"2021-11-19T13:14:24","slug":"doble","status":"publish","type":"page","link":"https:\/\/www.hotelsunflower.it\/es\/nuestras-habitaciones\/doble\/","title":{"rendered":"Doble"},"content":{"rendered":"<p>18-20 m\u00b2<\/p>\n<p>Cama doble o dos camas individuales<\/p>\n<p>Equipada con cama doble es la opci\u00f3n perfecta para quienes viajan en pareja. Las dos camas individuales separadas resultan ideales para quienes desean compartir habitaci\u00f3n durante su estancia para descubrir Mil\u00e1n e ir de compras al centro, donde se llega directamente con el tranv\u00eda n\u00famero 2 cuya parada est\u00e1 a unos pasos del hotel. En caso de que necesite retocar su atuendo antes de salir, dispone de una plancha en la habitaci\u00f3n.<\/p>\n","protected":false},"excerpt":{"rendered":"<p>18-20 m\u00b2 Cama doble o dos camas individuales Equipada con cama doble es la opci\u00f3n [&hellip;]<\/p>\n","protected":false},"author":13,"featured_media":661,"parent":1111,"menu_order":30,"comment_status":"closed","ping_status":"closed","template":"template-single-room.php","meta":{"footnotes":""},"class_list":["post-1114","page","type-page","status-publish","has-post-thumbnail","hentry"],"yoast_head":"<!-- This site is optimized with the Yoast SEO plugin v26.9 - https:\/\/yoast.com\/product\/yoast-seo-wordpress\/ -->\n<title>Doble &#8226; Hotel Sunflower &#8226;<\/title>\n<meta name=\"description\" content=\"18-20 m\u00b2  Cama doble o dos camas individuales  Equipada con cama doble es la opci\u00f3n perfecta para quienes viajan en pareja. Las dos camas individuales separadas resultan ideales para quienes desean compartir habitaci\u00f3n durante su estancia para descubrir Mil\u00e1n e ir de compras al centro, donde se llega directamente con el tranv\u00eda n\u00famero 2 cuya parada est\u00e1 a unos pasos del hotel\" \/>\n<meta name=\"robots\" content=\"index, follow, max-snippet:-1, max-image-preview:large, max-video-preview:-1\" \/>\n<link rel=\"canonical\" href=\"https:\/\/www.hotelsunflower.it\/es\/nuestras-habitaciones\/doble\/\" \/>\n<meta property=\"og:locale\" content=\"es_ES\" \/>\n<meta property=\"og:type\" content=\"article\" \/>\n<meta property=\"og:title\" content=\"Doble &#8226; Hotel Sunflower &#8226;\" \/>\n<meta property=\"og:description\" content=\"18-20 m\u00b2  Cama doble o dos camas individuales  Equipada con cama doble es la opci\u00f3n perfecta para quienes viajan en pareja. Las dos camas individuales separadas resultan ideales para quienes desean compartir habitaci\u00f3n durante su estancia para descubrir Mil\u00e1n e ir de compras al centro, donde se llega directamente con el tranv\u00eda n\u00famero 2 cuya parada est\u00e1 a unos pasos del hotel\" \/>\n<meta property=\"og:url\" content=\"https:\/\/www.hotelsunflower.it\/es\/nuestras-habitaciones\/doble\/\" \/>\n<meta property=\"og:site_name\" content=\"Hotel Sunflower\" \/>\n<meta property=\"article:modified_time\" content=\"2021-11-19T13:14:24+00:00\" \/>\n<meta property=\"og:image\" content=\"https:\/\/www.hotelsunflower.it\/wp-content\/uploads\/sites\/315\/2021\/11\/hotel_sunflower_camere_doppia_gallery_01.jpg\" \/>\n\t<meta property=\"og:image:width\" content=\"1200\" \/>\n\t<meta property=\"og:image:height\" content=\"800\" \/>\n\t<meta property=\"og:image:type\" content=\"image\/jpeg\" \/>\n<meta name=\"twitter:card\" content=\"summary_large_image\" \/>\n<script type=\"application\/ld+json\" class=\"yoast-schema-graph\">{\"@context\":\"https:\/\/schema.org\",\"@graph\":[{\"@type\":\"WebPage\",\"@id\":\"https:\/\/www.hotelsunflower.it\/es\/nuestras-habitaciones\/doble\/\",\"url\":\"https:\/\/www.hotelsunflower.it\/es\/nuestras-habitaciones\/doble\/\",\"name\":\"Doble &#8226; Hotel Sunflower &#8226;\",\"isPartOf\":{\"@id\":\"https:\/\/www.hotelsunflower.it\/es\/#website\"},\"primaryImageOfPage\":{\"@id\":\"https:\/\/www.hotelsunflower.it\/es\/nuestras-habitaciones\/doble\/#primaryimage\"},\"image\":{\"@id\":\"https:\/\/www.hotelsunflower.it\/es\/nuestras-habitaciones\/doble\/#primaryimage\"},\"thumbnailUrl\":\"https:\/\/www.hotelsunflower.it\/wp-content\/uploads\/sites\/315\/2021\/11\/hotel_sunflower_camere_doppia_gallery_01.jpg\",\"datePublished\":\"2021-11-19T13:13:00+00:00\",\"dateModified\":\"2021-11-19T13:14:24+00:00\",\"description\":\"18-20 m\u00b2 Cama doble o dos camas individuales Equipada con cama doble es la opci\u00f3n perfecta para quienes viajan en pareja. Las dos camas individuales separadas resultan ideales para quienes desean compartir habitaci\u00f3n durante su estancia para descubrir Mil\u00e1n e ir de compras al centro, donde se llega directamente con el tranv\u00eda n\u00famero 2 cuya parada est\u00e1 a unos pasos del hotel\",\"breadcrumb\":{\"@id\":\"https:\/\/www.hotelsunflower.it\/es\/nuestras-habitaciones\/doble\/#breadcrumb\"},\"inLanguage\":\"es\",\"potentialAction\":[{\"@type\":\"ReadAction\",\"target\":[\"https:\/\/www.hotelsunflower.it\/es\/nuestras-habitaciones\/doble\/\"]}]},{\"@type\":\"ImageObject\",\"inLanguage\":\"es\",\"@id\":\"https:\/\/www.hotelsunflower.it\/es\/nuestras-habitaciones\/doble\/#primaryimage\",\"url\":\"https:\/\/www.hotelsunflower.it\/wp-content\/uploads\/sites\/315\/2021\/11\/hotel_sunflower_camere_doppia_gallery_01.jpg\",\"contentUrl\":\"https:\/\/www.hotelsunflower.it\/wp-content\/uploads\/sites\/315\/2021\/11\/hotel_sunflower_camere_doppia_gallery_01.jpg\",\"width\":1200,\"height\":800},{\"@type\":\"BreadcrumbList\",\"@id\":\"https:\/\/www.hotelsunflower.it\/es\/nuestras-habitaciones\/doble\/#breadcrumb\",\"itemListElement\":[{\"@type\":\"ListItem\",\"position\":1,\"name\":\"Home\",\"item\":\"https:\/\/www.hotelsunflower.it\/es\/\"},{\"@type\":\"ListItem\",\"position\":2,\"name\":\"Nuestras habitaciones\",\"item\":\"https:\/\/www.hotelsunflower.it\/es\/nuestras-habitaciones\/\"},{\"@type\":\"ListItem\",\"position\":3,\"name\":\"Doble\"}]},{\"@type\":\"WebSite\",\"@id\":\"https:\/\/www.hotelsunflower.it\/es\/#website\",\"url\":\"https:\/\/www.hotelsunflower.it\/es\/\",\"name\":\"Hotel Sunflower\",\"description\":\"Ecco un altro sito ms.decms.eu\",\"potentialAction\":[{\"@type\":\"SearchAction\",\"target\":{\"@type\":\"EntryPoint\",\"urlTemplate\":\"https:\/\/www.hotelsunflower.it\/es\/?s={search_term_string}\"},\"query-input\":{\"@type\":\"PropertyValueSpecification\",\"valueRequired\":true,\"valueName\":\"search_term_string\"}}],\"inLanguage\":\"es\"}]}<\/script>\n<!-- \/ Yoast SEO plugin. -->","yoast_head_json":{"title":"Doble &#8226; Hotel Sunflower &#8226;","description":"18-20 m\u00b2  Cama doble o dos camas individuales  Equipada con cama doble es la opci\u00f3n perfecta para quienes viajan en pareja. Las dos camas individuales separadas resultan ideales para quienes desean compartir habitaci\u00f3n durante su estancia para descubrir Mil\u00e1n e ir de compras al centro, donde se llega directamente con el tranv\u00eda n\u00famero 2 cuya parada est\u00e1 a unos pasos del hotel","robots":{"index":"index","follow":"follow","max-snippet":"max-snippet:-1","max-image-preview":"max-image-preview:large","max-video-preview":"max-video-preview:-1"},"canonical":"https:\/\/www.hotelsunflower.it\/es\/nuestras-habitaciones\/doble\/","og_locale":"es_ES","og_type":"article","og_title":"Doble &#8226; Hotel Sunflower &#8226;","og_description":"18-20 m\u00b2  Cama doble o dos camas individuales  Equipada con cama doble es la opci\u00f3n perfecta para quienes viajan en pareja. Las dos camas individuales separadas resultan ideales para quienes desean compartir habitaci\u00f3n durante su estancia para descubrir Mil\u00e1n e ir de compras al centro, donde se llega directamente con el tranv\u00eda n\u00famero 2 cuya parada est\u00e1 a unos pasos del hotel","og_url":"https:\/\/www.hotelsunflower.it\/es\/nuestras-habitaciones\/doble\/","og_site_name":"Hotel Sunflower","article_modified_time":"2021-11-19T13:14:24+00:00","og_image":[{"width":1200,"height":800,"url":"https:\/\/www.hotelsunflower.it\/wp-content\/uploads\/sites\/315\/2021\/11\/hotel_sunflower_camere_doppia_gallery_01.jpg","type":"image\/jpeg"}],"twitter_card":"summary_large_image","schema":{"@context":"https:\/\/schema.org","@graph":[{"@type":"WebPage","@id":"https:\/\/www.hotelsunflower.it\/es\/nuestras-habitaciones\/doble\/","url":"https:\/\/www.hotelsunflower.it\/es\/nuestras-habitaciones\/doble\/","name":"Doble &#8226; Hotel Sunflower &#8226;","isPartOf":{"@id":"https:\/\/www.hotelsunflower.it\/es\/#website"},"primaryImageOfPage":{"@id":"https:\/\/www.hotelsunflower.it\/es\/nuestras-habitaciones\/doble\/#primaryimage"},"image":{"@id":"https:\/\/www.hotelsunflower.it\/es\/nuestras-habitaciones\/doble\/#primaryimage"},"thumbnailUrl":"https:\/\/www.hotelsunflower.it\/wp-content\/uploads\/sites\/315\/2021\/11\/hotel_sunflower_camere_doppia_gallery_01.jpg","datePublished":"2021-11-19T13:13:00+00:00","dateModified":"2021-11-19T13:14:24+00:00","description":"18-20 m\u00b2 Cama doble o dos camas individuales Equipada con cama doble es la opci\u00f3n perfecta para quienes viajan en pareja. Las dos camas individuales separadas resultan ideales para quienes desean compartir habitaci\u00f3n durante su estancia para descubrir Mil\u00e1n e ir de compras al centro, donde se llega directamente con el tranv\u00eda n\u00famero 2 cuya parada est\u00e1 a unos pasos del hotel","breadcrumb":{"@id":"https:\/\/www.hotelsunflower.it\/es\/nuestras-habitaciones\/doble\/#breadcrumb"},"inLanguage":"es","potentialAction":[{"@type":"ReadAction","target":["https:\/\/www.hotelsunflower.it\/es\/nuestras-habitaciones\/doble\/"]}]},{"@type":"ImageObject","inLanguage":"es","@id":"https:\/\/www.hotelsunflower.it\/es\/nuestras-habitaciones\/doble\/#primaryimage","url":"https:\/\/www.hotelsunflower.it\/wp-content\/uploads\/sites\/315\/2021\/11\/hotel_sunflower_camere_doppia_gallery_01.jpg","contentUrl":"https:\/\/www.hotelsunflower.it\/wp-content\/uploads\/sites\/315\/2021\/11\/hotel_sunflower_camere_doppia_gallery_01.jpg","width":1200,"height":800},{"@type":"BreadcrumbList","@id":"https:\/\/www.hotelsunflower.it\/es\/nuestras-habitaciones\/doble\/#breadcrumb","itemListElement":[{"@type":"ListItem","position":1,"name":"Home","item":"https:\/\/www.hotelsunflower.it\/es\/"},{"@type":"ListItem","position":2,"name":"Nuestras habitaciones","item":"https:\/\/www.hotelsunflower.it\/es\/nuestras-habitaciones\/"},{"@type":"ListItem","position":3,"name":"Doble"}]},{"@type":"WebSite","@id":"https:\/\/www.hotelsunflower.it\/es\/#website","url":"https:\/\/www.hotelsunflower.it\/es\/","name":"Hotel Sunflower","description":"Ecco un altro sito ms.decms.eu","potentialAction":[{"@type":"SearchAction","target":{"@type":"EntryPoint","urlTemplate":"https:\/\/www.hotelsunflower.it\/es\/?s={search_term_string}"},"query-input":{"@type":"PropertyValueSpecification","valueRequired":true,"valueName":"search_term_string"}}],"inLanguage":"es"}]}},"acf":[],"_links":{"self":[{"href":"https:\/\/www.hotelsunflower.it\/es\/wp-json\/wp\/v2\/pages\/1114","targetHints":{"allow":["GET"]}}],"collection":[{"href":"https:\/\/www.hotelsunflower.it\/es\/wp-json\/wp\/v2\/pages"}],"about":[{"href":"https:\/\/www.hotelsunflower.it\/es\/wp-json\/wp\/v2\/types\/page"}],"author":[{"embeddable":true,"href":"https:\/\/www.hotelsunflower.it\/es\/wp-json\/wp\/v2\/users\/13"}],"replies":[{"embeddable":true,"href":"https:\/\/www.hotelsunflower.it\/es\/wp-json\/wp\/v2\/comments?post=1114"}],"version-history":[{"count":0,"href":"https:\/\/www.hotelsunflower.it\/es\/wp-json\/wp\/v2\/pages\/1114\/revisions"}],"up":[{"embeddable":true,"href":"https:\/\/www.hotelsunflower.it\/es\/wp-json\/wp\/v2\/pages\/1111"}],"wp:featuredmedia":[{"embeddable":true,"href":"https:\/\/www.hotelsunflower.it\/es\/wp-json\/wp\/v2\/media\/661"}],"wp:attachment":[{"href":"https:\/\/www.hotelsunflower.it\/es\/wp-json\/wp\/v2\/media?parent=1114"}],"curies":[{"name":"wp","href":"https:\/\/api.w.org\/{rel}","templated":true}]}}