{"id":1115,"date":"2021-11-19T14:13:09","date_gmt":"2021-11-19T13:13:09","guid":{"rendered":"https:\/\/hotelsunflower.ms.decms.eu\/?page_id=1115"},"modified":"2021-11-19T14:14:22","modified_gmt":"2021-11-19T13:14:22","slug":"triple","status":"publish","type":"page","link":"https:\/\/www.hotelsunflower.it\/es\/nuestras-habitaciones\/triple\/","title":{"rendered":"Triple"},"content":{"rendered":"<p>19-23 m\u00b2<\/p>\n<p>Cama doble con cama individual adicional o tres camas individuales separadas<\/p>\n<p>Equipada con tres camas individuales, es la habitaci\u00f3n m\u00e1s solicitada tanto por los hu\u00e9spedes que llegan para acompa\u00f1ar a su equipo favorito en San Siro como por quienes viajan a Mil\u00e1n para asistir al concierto de su cantante favorito: \u00a1son emociones para compartir! El equipamiento con cama doble y cama individual adicional resulta perfecta para la familia con hijos que, gracias a la tercera cama, puede permanecer junta para la tranquilidad de los adultos y ni\u00f1os.<\/p>\n","protected":false},"excerpt":{"rendered":"<p>19-23 m\u00b2 Cama doble con cama individual adicional o tres camas individuales separadas Equipada con [&hellip;]<\/p>\n","protected":false},"author":13,"featured_media":688,"parent":1111,"menu_order":40,"comment_status":"closed","ping_status":"closed","template":"template-single-room.php","meta":{"footnotes":""},"class_list":["post-1115","page","type-page","status-publish","has-post-thumbnail","hentry"],"yoast_head":"<!-- This site is optimized with the Yoast SEO plugin v26.9 - https:\/\/yoast.com\/product\/yoast-seo-wordpress\/ -->\n<title>Triple &#8226; Hotel Sunflower &#8226;<\/title>\n<meta name=\"description\" content=\"19-23 m\u00b2  Cama doble con cama individual adicional o tres camas individuales separadas  Equipada con tres camas individuales, es la habitaci\u00f3n m\u00e1s solicitada tanto por los hu\u00e9spedes que llegan para acompa\u00f1ar a su equipo favorito en San Siro como por quienes viajan a Mil\u00e1n para asistir al concierto de su cantante favorito: \u00a1son emociones para compartir! El equipamiento con cama doble y cama individual adicional resulta perfecta para la familia con hijos que, gracias a la tercera cama, puede permanecer junta para la tranquilidad de los adultos y ni\u00f1os..\" \/>\n<meta name=\"robots\" content=\"index, follow, max-snippet:-1, max-image-preview:large, max-video-preview:-1\" \/>\n<link rel=\"canonical\" href=\"https:\/\/www.hotelsunflower.it\/es\/nuestras-habitaciones\/triple\/\" \/>\n<meta property=\"og:locale\" content=\"es_ES\" \/>\n<meta property=\"og:type\" content=\"article\" \/>\n<meta property=\"og:title\" content=\"Triple &#8226; Hotel Sunflower &#8226;\" \/>\n<meta property=\"og:description\" content=\"19-23 m\u00b2  Cama doble con cama individual adicional o tres camas individuales separadas  Equipada con tres camas individuales, es la habitaci\u00f3n m\u00e1s solicitada tanto por los hu\u00e9spedes que llegan para acompa\u00f1ar a su equipo favorito en San Siro como por quienes viajan a Mil\u00e1n para asistir al concierto de su cantante favorito: \u00a1son emociones para compartir! El equipamiento con cama doble y cama individual adicional resulta perfecta para la familia con hijos que, gracias a la tercera cama, puede permanecer junta para la tranquilidad de los adultos y ni\u00f1os..\" \/>\n<meta property=\"og:url\" content=\"https:\/\/www.hotelsunflower.it\/es\/nuestras-habitaciones\/triple\/\" \/>\n<meta property=\"og:site_name\" content=\"Hotel Sunflower\" \/>\n<meta property=\"article:modified_time\" content=\"2021-11-19T13:14:22+00:00\" \/>\n<meta property=\"og:image\" content=\"https:\/\/www.hotelsunflower.it\/wp-content\/uploads\/sites\/315\/2021\/11\/hotel_sunflower_camere_tripla_gallery_03.jpg\" \/>\n\t<meta property=\"og:image:width\" content=\"1200\" \/>\n\t<meta property=\"og:image:height\" content=\"800\" \/>\n\t<meta property=\"og:image:type\" content=\"image\/jpeg\" \/>\n<meta name=\"twitter:card\" content=\"summary_large_image\" \/>\n<script type=\"application\/ld+json\" class=\"yoast-schema-graph\">{\"@context\":\"https:\/\/schema.org\",\"@graph\":[{\"@type\":\"WebPage\",\"@id\":\"https:\/\/www.hotelsunflower.it\/es\/nuestras-habitaciones\/triple\/\",\"url\":\"https:\/\/www.hotelsunflower.it\/es\/nuestras-habitaciones\/triple\/\",\"name\":\"Triple &#8226; Hotel Sunflower &#8226;\",\"isPartOf\":{\"@id\":\"https:\/\/www.hotelsunflower.it\/es\/#website\"},\"primaryImageOfPage\":{\"@id\":\"https:\/\/www.hotelsunflower.it\/es\/nuestras-habitaciones\/triple\/#primaryimage\"},\"image\":{\"@id\":\"https:\/\/www.hotelsunflower.it\/es\/nuestras-habitaciones\/triple\/#primaryimage\"},\"thumbnailUrl\":\"https:\/\/www.hotelsunflower.it\/wp-content\/uploads\/sites\/315\/2021\/11\/hotel_sunflower_camere_tripla_gallery_03.jpg\",\"datePublished\":\"2021-11-19T13:13:09+00:00\",\"dateModified\":\"2021-11-19T13:14:22+00:00\",\"description\":\"19-23 m\u00b2 Cama doble con cama individual adicional o tres camas individuales separadas Equipada con tres camas individuales, es la habitaci\u00f3n m\u00e1s solicitada tanto por los hu\u00e9spedes que llegan para acompa\u00f1ar a su equipo favorito en San Siro como por quienes viajan a Mil\u00e1n para asistir al concierto de su cantante favorito: \u00a1son emociones para compartir! El equipamiento con cama doble y cama individual adicional resulta perfecta para la familia con hijos que, gracias a la tercera cama, puede permanecer junta para la tranquilidad de los adultos y ni\u00f1os..\",\"breadcrumb\":{\"@id\":\"https:\/\/www.hotelsunflower.it\/es\/nuestras-habitaciones\/triple\/#breadcrumb\"},\"inLanguage\":\"es\",\"potentialAction\":[{\"@type\":\"ReadAction\",\"target\":[\"https:\/\/www.hotelsunflower.it\/es\/nuestras-habitaciones\/triple\/\"]}]},{\"@type\":\"ImageObject\",\"inLanguage\":\"es\",\"@id\":\"https:\/\/www.hotelsunflower.it\/es\/nuestras-habitaciones\/triple\/#primaryimage\",\"url\":\"https:\/\/www.hotelsunflower.it\/wp-content\/uploads\/sites\/315\/2021\/11\/hotel_sunflower_camere_tripla_gallery_03.jpg\",\"contentUrl\":\"https:\/\/www.hotelsunflower.it\/wp-content\/uploads\/sites\/315\/2021\/11\/hotel_sunflower_camere_tripla_gallery_03.jpg\",\"width\":1200,\"height\":800},{\"@type\":\"BreadcrumbList\",\"@id\":\"https:\/\/www.hotelsunflower.it\/es\/nuestras-habitaciones\/triple\/#breadcrumb\",\"itemListElement\":[{\"@type\":\"ListItem\",\"position\":1,\"name\":\"Home\",\"item\":\"https:\/\/www.hotelsunflower.it\/es\/\"},{\"@type\":\"ListItem\",\"position\":2,\"name\":\"Nuestras habitaciones\",\"item\":\"https:\/\/www.hotelsunflower.it\/es\/nuestras-habitaciones\/\"},{\"@type\":\"ListItem\",\"position\":3,\"name\":\"Triple\"}]},{\"@type\":\"WebSite\",\"@id\":\"https:\/\/www.hotelsunflower.it\/es\/#website\",\"url\":\"https:\/\/www.hotelsunflower.it\/es\/\",\"name\":\"Hotel Sunflower\",\"description\":\"Ecco un altro sito ms.decms.eu\",\"potentialAction\":[{\"@type\":\"SearchAction\",\"target\":{\"@type\":\"EntryPoint\",\"urlTemplate\":\"https:\/\/www.hotelsunflower.it\/es\/?s={search_term_string}\"},\"query-input\":{\"@type\":\"PropertyValueSpecification\",\"valueRequired\":true,\"valueName\":\"search_term_string\"}}],\"inLanguage\":\"es\"}]}<\/script>\n<!-- \/ Yoast SEO plugin. -->","yoast_head_json":{"title":"Triple &#8226; Hotel Sunflower &#8226;","description":"19-23 m\u00b2  Cama doble con cama individual adicional o tres camas individuales separadas  Equipada con tres camas individuales, es la habitaci\u00f3n m\u00e1s solicitada tanto por los hu\u00e9spedes que llegan para acompa\u00f1ar a su equipo favorito en San Siro como por quienes viajan a Mil\u00e1n para asistir al concierto de su cantante favorito: \u00a1son emociones para compartir! El equipamiento con cama doble y cama individual adicional resulta perfecta para la familia con hijos que, gracias a la tercera cama, puede permanecer junta para la tranquilidad de los adultos y ni\u00f1os..","robots":{"index":"index","follow":"follow","max-snippet":"max-snippet:-1","max-image-preview":"max-image-preview:large","max-video-preview":"max-video-preview:-1"},"canonical":"https:\/\/www.hotelsunflower.it\/es\/nuestras-habitaciones\/triple\/","og_locale":"es_ES","og_type":"article","og_title":"Triple &#8226; Hotel Sunflower &#8226;","og_description":"19-23 m\u00b2  Cama doble con cama individual adicional o tres camas individuales separadas  Equipada con tres camas individuales, es la habitaci\u00f3n m\u00e1s solicitada tanto por los hu\u00e9spedes que llegan para acompa\u00f1ar a su equipo favorito en San Siro como por quienes viajan a Mil\u00e1n para asistir al concierto de su cantante favorito: \u00a1son emociones para compartir! El equipamiento con cama doble y cama individual adicional resulta perfecta para la familia con hijos que, gracias a la tercera cama, puede permanecer junta para la tranquilidad de los adultos y ni\u00f1os..","og_url":"https:\/\/www.hotelsunflower.it\/es\/nuestras-habitaciones\/triple\/","og_site_name":"Hotel Sunflower","article_modified_time":"2021-11-19T13:14:22+00:00","og_image":[{"width":1200,"height":800,"url":"https:\/\/www.hotelsunflower.it\/wp-content\/uploads\/sites\/315\/2021\/11\/hotel_sunflower_camere_tripla_gallery_03.jpg","type":"image\/jpeg"}],"twitter_card":"summary_large_image","schema":{"@context":"https:\/\/schema.org","@graph":[{"@type":"WebPage","@id":"https:\/\/www.hotelsunflower.it\/es\/nuestras-habitaciones\/triple\/","url":"https:\/\/www.hotelsunflower.it\/es\/nuestras-habitaciones\/triple\/","name":"Triple &#8226; Hotel Sunflower &#8226;","isPartOf":{"@id":"https:\/\/www.hotelsunflower.it\/es\/#website"},"primaryImageOfPage":{"@id":"https:\/\/www.hotelsunflower.it\/es\/nuestras-habitaciones\/triple\/#primaryimage"},"image":{"@id":"https:\/\/www.hotelsunflower.it\/es\/nuestras-habitaciones\/triple\/#primaryimage"},"thumbnailUrl":"https:\/\/www.hotelsunflower.it\/wp-content\/uploads\/sites\/315\/2021\/11\/hotel_sunflower_camere_tripla_gallery_03.jpg","datePublished":"2021-11-19T13:13:09+00:00","dateModified":"2021-11-19T13:14:22+00:00","description":"19-23 m\u00b2 Cama doble con cama individual adicional o tres camas individuales separadas Equipada con tres camas individuales, es la habitaci\u00f3n m\u00e1s solicitada tanto por los hu\u00e9spedes que llegan para acompa\u00f1ar a su equipo favorito en San Siro como por quienes viajan a Mil\u00e1n para asistir al concierto de su cantante favorito: \u00a1son emociones para compartir! El equipamiento con cama doble y cama individual adicional resulta perfecta para la familia con hijos que, gracias a la tercera cama, puede permanecer junta para la tranquilidad de los adultos y ni\u00f1os..","breadcrumb":{"@id":"https:\/\/www.hotelsunflower.it\/es\/nuestras-habitaciones\/triple\/#breadcrumb"},"inLanguage":"es","potentialAction":[{"@type":"ReadAction","target":["https:\/\/www.hotelsunflower.it\/es\/nuestras-habitaciones\/triple\/"]}]},{"@type":"ImageObject","inLanguage":"es","@id":"https:\/\/www.hotelsunflower.it\/es\/nuestras-habitaciones\/triple\/#primaryimage","url":"https:\/\/www.hotelsunflower.it\/wp-content\/uploads\/sites\/315\/2021\/11\/hotel_sunflower_camere_tripla_gallery_03.jpg","contentUrl":"https:\/\/www.hotelsunflower.it\/wp-content\/uploads\/sites\/315\/2021\/11\/hotel_sunflower_camere_tripla_gallery_03.jpg","width":1200,"height":800},{"@type":"BreadcrumbList","@id":"https:\/\/www.hotelsunflower.it\/es\/nuestras-habitaciones\/triple\/#breadcrumb","itemListElement":[{"@type":"ListItem","position":1,"name":"Home","item":"https:\/\/www.hotelsunflower.it\/es\/"},{"@type":"ListItem","position":2,"name":"Nuestras habitaciones","item":"https:\/\/www.hotelsunflower.it\/es\/nuestras-habitaciones\/"},{"@type":"ListItem","position":3,"name":"Triple"}]},{"@type":"WebSite","@id":"https:\/\/www.hotelsunflower.it\/es\/#website","url":"https:\/\/www.hotelsunflower.it\/es\/","name":"Hotel Sunflower","description":"Ecco un altro sito ms.decms.eu","potentialAction":[{"@type":"SearchAction","target":{"@type":"EntryPoint","urlTemplate":"https:\/\/www.hotelsunflower.it\/es\/?s={search_term_string}"},"query-input":{"@type":"PropertyValueSpecification","valueRequired":true,"valueName":"search_term_string"}}],"inLanguage":"es"}]}},"acf":[],"_links":{"self":[{"href":"https:\/\/www.hotelsunflower.it\/es\/wp-json\/wp\/v2\/pages\/1115","targetHints":{"allow":["GET"]}}],"collection":[{"href":"https:\/\/www.hotelsunflower.it\/es\/wp-json\/wp\/v2\/pages"}],"about":[{"href":"https:\/\/www.hotelsunflower.it\/es\/wp-json\/wp\/v2\/types\/page"}],"author":[{"embeddable":true,"href":"https:\/\/www.hotelsunflower.it\/es\/wp-json\/wp\/v2\/users\/13"}],"replies":[{"embeddable":true,"href":"https:\/\/www.hotelsunflower.it\/es\/wp-json\/wp\/v2\/comments?post=1115"}],"version-history":[{"count":0,"href":"https:\/\/www.hotelsunflower.it\/es\/wp-json\/wp\/v2\/pages\/1115\/revisions"}],"up":[{"embeddable":true,"href":"https:\/\/www.hotelsunflower.it\/es\/wp-json\/wp\/v2\/pages\/1111"}],"wp:featuredmedia":[{"embeddable":true,"href":"https:\/\/www.hotelsunflower.it\/es\/wp-json\/wp\/v2\/media\/688"}],"wp:attachment":[{"href":"https:\/\/www.hotelsunflower.it\/es\/wp-json\/wp\/v2\/media?parent=1115"}],"curies":[{"name":"wp","href":"https:\/\/api.w.org\/{rel}","templated":true}]}}