{"id":1116,"date":"2021-11-19T14:16:12","date_gmt":"2021-11-19T13:16:12","guid":{"rendered":"https:\/\/hotelsunflower.ms.decms.eu\/?page_id=1116"},"modified":"2024-08-01T10:37:29","modified_gmt":"2024-08-01T08:37:29","slug":"servicios","status":"publish","type":"page","link":"https:\/\/www.hotelsunflower.it\/es\/servicios\/","title":{"rendered":"Servicios"},"content":{"rendered":"<p>Una sonrisa, un consejo y la ayuda son nuestros servicios m\u00e1s apreciados. \u00a1Esto es lo que ofrecemos a nuestros hu\u00e9spedes porque una estancia en Mil\u00e1n no es solo dormir en un hotel! Viajar forma parte de la vida, y si podemos contribuir a mejorarlo, lo hacemos con sumo gusto.<\/p>\n<p>Ya sea por motivos laborales o de estudios, durante solo unos d\u00edas o por un periodo prolongado, en el Hotel Sunflower encontrar\u00e1 siempre todos los servicios que har\u00e1n m\u00e1s placentera su estancia en Mil\u00e1n.<\/p>\n<p>Comenzar\u00e1 el d\u00eda con un buf\u00e9 que incluye dulce y salado. En verano podr\u00e1 disfrutar del desayuno al aire libre en el jard\u00edn verde. Su coche le espera en el garaje del hotel, lo que le permitir\u00e1 llegar al Fiera o al Polit\u00e9cnico en solo unos minutos, mientras que con el tranv\u00eda n\u00famero 2 podr\u00e1 llegar c\u00f3modamente al centro de Mil\u00e1n.<\/p>\n<p>Si necesita un taxi o transporte a la feria o la estaci\u00f3n, el personal de recepci\u00f3n le reservar\u00e1 el servicio que necesite. A su regreso al hotel, le esperamos en el bar para que disfrute de un aperitivo y una agradable charla en una ambiente relajado y agradable.<\/p>\n<p>La red wifi gratuita en todo el edificio le permitir\u00e1 comunicarse en todo momento con sus amigos, compa\u00f1eros y seres queridos.<\/p>\n<p>&nbsp;<\/p>\n<p style=\"text-align: center;\"><strong>En el Hotel Sunflower encontrar\u00e1 los servicios de los mejores hoteles 4 estrellas de Mil\u00e1n.<\/strong><\/p>\n<table class=\" aligncenter\">\n<tbody>\n<tr>\n<th colspan=\"3\"><img decoding=\"async\" class=\"size-full wp-image-1506 alignnone\" src=\"https:\/\/www.hotelsunflower.it\/wp-content\/uploads\/sites\/315\/2024\/08\/SKY_Basic_Logo.svg.png\" alt=\"\" width=\"40\" height=\"auto\" \/> Gratis<\/th>\n<\/tr>\n<tr>\n<th>Wifi gratuita<\/th>\n<th>Jard\u00edn<\/th>\n<th>Recepci\u00f3n 24 H<\/th>\n<\/tr>\n<tr>\n<th>Garaje de pago<\/th>\n<th>3 ascensores<\/th>\n<th>Bar<\/th>\n<\/tr>\n<tr>\n<th>Salas de reuniones<\/th>\n<th>Bistr\u00f3<\/th>\n<th>Transporte de pago desde\/a la feria,<br \/>\nla estaci\u00f3n y el aeropuerto<\/th>\n<\/tr>\n<\/tbody>\n<\/table>\n","protected":false},"excerpt":{"rendered":"<p>Una sonrisa, un consejo y la ayuda son nuestros servicios m\u00e1s apreciados. \u00a1Esto es lo [&hellip;]<\/p>\n","protected":false},"author":13,"featured_media":794,"parent":0,"menu_order":50,"comment_status":"closed","ping_status":"closed","template":"","meta":{"footnotes":""},"class_list":["post-1116","page","type-page","status-publish","has-post-thumbnail","hentry"],"yoast_head":"<!-- This site is optimized with the Yoast SEO plugin v26.9 - https:\/\/yoast.com\/product\/yoast-seo-wordpress\/ -->\n<title>Servicios &#8226; Hotel Sunflower &#8226;<\/title>\n<meta name=\"description\" content=\"Una sonrisa, un consejo y la ayuda son nuestros servicios m\u00e1s apreciados. \u00a1Esto es lo que ofrecemos a nuestros hu\u00e9spedes porque una estancia en Mil\u00e1n no es solo dormir en un hotel! Viajar forma parte de la vida, y si podemos contribuir a mejorarlo, lo hacemos con sumo gusto.  Ya sea por motivos laborales o de estudios, durante solo unos d\u00edas o por un periodo prolongado, en el Hotel Sunflower encontrar\u00e1 siempre todos los servicios que har\u00e1n m\u00e1s placentera su estancia en Mil\u00e1n.  Comenzar\u00e1 el d\u00eda con un buf\u00e9 que incluye dulce y salado\" \/>\n<meta name=\"robots\" content=\"index, follow, max-snippet:-1, max-image-preview:large, max-video-preview:-1\" \/>\n<link rel=\"canonical\" href=\"https:\/\/www.hotelsunflower.it\/es\/servicios\/\" \/>\n<meta property=\"og:locale\" content=\"es_ES\" \/>\n<meta property=\"og:type\" content=\"article\" \/>\n<meta property=\"og:title\" content=\"Servicios &#8226; Hotel Sunflower &#8226;\" \/>\n<meta property=\"og:description\" content=\"Una sonrisa, un consejo y la ayuda son nuestros servicios m\u00e1s apreciados. \u00a1Esto es lo que ofrecemos a nuestros hu\u00e9spedes porque una estancia en Mil\u00e1n no es solo dormir en un hotel! Viajar forma parte de la vida, y si podemos contribuir a mejorarlo, lo hacemos con sumo gusto.  Ya sea por motivos laborales o de estudios, durante solo unos d\u00edas o por un periodo prolongado, en el Hotel Sunflower encontrar\u00e1 siempre todos los servicios que har\u00e1n m\u00e1s placentera su estancia en Mil\u00e1n.  Comenzar\u00e1 el d\u00eda con un buf\u00e9 que incluye dulce y salado\" \/>\n<meta property=\"og:url\" content=\"https:\/\/www.hotelsunflower.it\/es\/servicios\/\" \/>\n<meta property=\"og:site_name\" content=\"Hotel Sunflower\" \/>\n<meta property=\"article:modified_time\" content=\"2024-08-01T08:37:29+00:00\" \/>\n<meta property=\"og:image\" content=\"https:\/\/www.hotelsunflower.it\/wp-content\/uploads\/sites\/315\/2021\/11\/hotel_sunflower_servizi_giardino_slide_02-1.jpg\" \/>\n\t<meta property=\"og:image:width\" content=\"2200\" \/>\n\t<meta property=\"og:image:height\" content=\"1200\" \/>\n\t<meta property=\"og:image:type\" content=\"image\/jpeg\" \/>\n<meta name=\"twitter:card\" content=\"summary_large_image\" \/>\n<meta name=\"twitter:label1\" content=\"Tiempo de lectura\" \/>\n\t<meta name=\"twitter:data1\" content=\"1 minuto\" \/>\n<script type=\"application\/ld+json\" class=\"yoast-schema-graph\">{\"@context\":\"https:\/\/schema.org\",\"@graph\":[{\"@type\":\"WebPage\",\"@id\":\"https:\/\/www.hotelsunflower.it\/es\/servicios\/\",\"url\":\"https:\/\/www.hotelsunflower.it\/es\/servicios\/\",\"name\":\"Servicios &#8226; Hotel Sunflower &#8226;\",\"isPartOf\":{\"@id\":\"https:\/\/www.hotelsunflower.it\/es\/#website\"},\"primaryImageOfPage\":{\"@id\":\"https:\/\/www.hotelsunflower.it\/es\/servicios\/#primaryimage\"},\"image\":{\"@id\":\"https:\/\/www.hotelsunflower.it\/es\/servicios\/#primaryimage\"},\"thumbnailUrl\":\"https:\/\/www.hotelsunflower.it\/wp-content\/uploads\/sites\/315\/2021\/11\/hotel_sunflower_servizi_giardino_slide_02-1.jpg\",\"datePublished\":\"2021-11-19T13:16:12+00:00\",\"dateModified\":\"2024-08-01T08:37:29+00:00\",\"description\":\"Una sonrisa, un consejo y la ayuda son nuestros servicios m\u00e1s apreciados. \u00a1Esto es lo que ofrecemos a nuestros hu\u00e9spedes porque una estancia en Mil\u00e1n no es solo dormir en un hotel! Viajar forma parte de la vida, y si podemos contribuir a mejorarlo, lo hacemos con sumo gusto. Ya sea por motivos laborales o de estudios, durante solo unos d\u00edas o por un periodo prolongado, en el Hotel Sunflower encontrar\u00e1 siempre todos los servicios que har\u00e1n m\u00e1s placentera su estancia en Mil\u00e1n. Comenzar\u00e1 el d\u00eda con un buf\u00e9 que incluye dulce y salado\",\"breadcrumb\":{\"@id\":\"https:\/\/www.hotelsunflower.it\/es\/servicios\/#breadcrumb\"},\"inLanguage\":\"es\",\"potentialAction\":[{\"@type\":\"ReadAction\",\"target\":[\"https:\/\/www.hotelsunflower.it\/es\/servicios\/\"]}]},{\"@type\":\"ImageObject\",\"inLanguage\":\"es\",\"@id\":\"https:\/\/www.hotelsunflower.it\/es\/servicios\/#primaryimage\",\"url\":\"https:\/\/www.hotelsunflower.it\/wp-content\/uploads\/sites\/315\/2021\/11\/hotel_sunflower_servizi_giardino_slide_02-1.jpg\",\"contentUrl\":\"https:\/\/www.hotelsunflower.it\/wp-content\/uploads\/sites\/315\/2021\/11\/hotel_sunflower_servizi_giardino_slide_02-1.jpg\",\"width\":2200,\"height\":1200},{\"@type\":\"BreadcrumbList\",\"@id\":\"https:\/\/www.hotelsunflower.it\/es\/servicios\/#breadcrumb\",\"itemListElement\":[{\"@type\":\"ListItem\",\"position\":1,\"name\":\"Home\",\"item\":\"https:\/\/www.hotelsunflower.it\/es\/\"},{\"@type\":\"ListItem\",\"position\":2,\"name\":\"Servicios\"}]},{\"@type\":\"WebSite\",\"@id\":\"https:\/\/www.hotelsunflower.it\/es\/#website\",\"url\":\"https:\/\/www.hotelsunflower.it\/es\/\",\"name\":\"Hotel Sunflower\",\"description\":\"Ecco un altro sito ms.decms.eu\",\"potentialAction\":[{\"@type\":\"SearchAction\",\"target\":{\"@type\":\"EntryPoint\",\"urlTemplate\":\"https:\/\/www.hotelsunflower.it\/es\/?s={search_term_string}\"},\"query-input\":{\"@type\":\"PropertyValueSpecification\",\"valueRequired\":true,\"valueName\":\"search_term_string\"}}],\"inLanguage\":\"es\"}]}<\/script>\n<!-- \/ Yoast SEO plugin. -->","yoast_head_json":{"title":"Servicios &#8226; Hotel Sunflower &#8226;","description":"Una sonrisa, un consejo y la ayuda son nuestros servicios m\u00e1s apreciados. \u00a1Esto es lo que ofrecemos a nuestros hu\u00e9spedes porque una estancia en Mil\u00e1n no es solo dormir en un hotel! Viajar forma parte de la vida, y si podemos contribuir a mejorarlo, lo hacemos con sumo gusto.  Ya sea por motivos laborales o de estudios, durante solo unos d\u00edas o por un periodo prolongado, en el Hotel Sunflower encontrar\u00e1 siempre todos los servicios que har\u00e1n m\u00e1s placentera su estancia en Mil\u00e1n.  Comenzar\u00e1 el d\u00eda con un buf\u00e9 que incluye dulce y salado","robots":{"index":"index","follow":"follow","max-snippet":"max-snippet:-1","max-image-preview":"max-image-preview:large","max-video-preview":"max-video-preview:-1"},"canonical":"https:\/\/www.hotelsunflower.it\/es\/servicios\/","og_locale":"es_ES","og_type":"article","og_title":"Servicios &#8226; Hotel Sunflower &#8226;","og_description":"Una sonrisa, un consejo y la ayuda son nuestros servicios m\u00e1s apreciados. \u00a1Esto es lo que ofrecemos a nuestros hu\u00e9spedes porque una estancia en Mil\u00e1n no es solo dormir en un hotel! Viajar forma parte de la vida, y si podemos contribuir a mejorarlo, lo hacemos con sumo gusto.  Ya sea por motivos laborales o de estudios, durante solo unos d\u00edas o por un periodo prolongado, en el Hotel Sunflower encontrar\u00e1 siempre todos los servicios que har\u00e1n m\u00e1s placentera su estancia en Mil\u00e1n.  Comenzar\u00e1 el d\u00eda con un buf\u00e9 que incluye dulce y salado","og_url":"https:\/\/www.hotelsunflower.it\/es\/servicios\/","og_site_name":"Hotel Sunflower","article_modified_time":"2024-08-01T08:37:29+00:00","og_image":[{"width":2200,"height":1200,"url":"https:\/\/www.hotelsunflower.it\/wp-content\/uploads\/sites\/315\/2021\/11\/hotel_sunflower_servizi_giardino_slide_02-1.jpg","type":"image\/jpeg"}],"twitter_card":"summary_large_image","twitter_misc":{"Tiempo de lectura":"1 minuto"},"schema":{"@context":"https:\/\/schema.org","@graph":[{"@type":"WebPage","@id":"https:\/\/www.hotelsunflower.it\/es\/servicios\/","url":"https:\/\/www.hotelsunflower.it\/es\/servicios\/","name":"Servicios &#8226; Hotel Sunflower &#8226;","isPartOf":{"@id":"https:\/\/www.hotelsunflower.it\/es\/#website"},"primaryImageOfPage":{"@id":"https:\/\/www.hotelsunflower.it\/es\/servicios\/#primaryimage"},"image":{"@id":"https:\/\/www.hotelsunflower.it\/es\/servicios\/#primaryimage"},"thumbnailUrl":"https:\/\/www.hotelsunflower.it\/wp-content\/uploads\/sites\/315\/2021\/11\/hotel_sunflower_servizi_giardino_slide_02-1.jpg","datePublished":"2021-11-19T13:16:12+00:00","dateModified":"2024-08-01T08:37:29+00:00","description":"Una sonrisa, un consejo y la ayuda son nuestros servicios m\u00e1s apreciados. \u00a1Esto es lo que ofrecemos a nuestros hu\u00e9spedes porque una estancia en Mil\u00e1n no es solo dormir en un hotel! Viajar forma parte de la vida, y si podemos contribuir a mejorarlo, lo hacemos con sumo gusto. Ya sea por motivos laborales o de estudios, durante solo unos d\u00edas o por un periodo prolongado, en el Hotel Sunflower encontrar\u00e1 siempre todos los servicios que har\u00e1n m\u00e1s placentera su estancia en Mil\u00e1n. Comenzar\u00e1 el d\u00eda con un buf\u00e9 que incluye dulce y salado","breadcrumb":{"@id":"https:\/\/www.hotelsunflower.it\/es\/servicios\/#breadcrumb"},"inLanguage":"es","potentialAction":[{"@type":"ReadAction","target":["https:\/\/www.hotelsunflower.it\/es\/servicios\/"]}]},{"@type":"ImageObject","inLanguage":"es","@id":"https:\/\/www.hotelsunflower.it\/es\/servicios\/#primaryimage","url":"https:\/\/www.hotelsunflower.it\/wp-content\/uploads\/sites\/315\/2021\/11\/hotel_sunflower_servizi_giardino_slide_02-1.jpg","contentUrl":"https:\/\/www.hotelsunflower.it\/wp-content\/uploads\/sites\/315\/2021\/11\/hotel_sunflower_servizi_giardino_slide_02-1.jpg","width":2200,"height":1200},{"@type":"BreadcrumbList","@id":"https:\/\/www.hotelsunflower.it\/es\/servicios\/#breadcrumb","itemListElement":[{"@type":"ListItem","position":1,"name":"Home","item":"https:\/\/www.hotelsunflower.it\/es\/"},{"@type":"ListItem","position":2,"name":"Servicios"}]},{"@type":"WebSite","@id":"https:\/\/www.hotelsunflower.it\/es\/#website","url":"https:\/\/www.hotelsunflower.it\/es\/","name":"Hotel Sunflower","description":"Ecco un altro sito ms.decms.eu","potentialAction":[{"@type":"SearchAction","target":{"@type":"EntryPoint","urlTemplate":"https:\/\/www.hotelsunflower.it\/es\/?s={search_term_string}"},"query-input":{"@type":"PropertyValueSpecification","valueRequired":true,"valueName":"search_term_string"}}],"inLanguage":"es"}]}},"acf":[],"_links":{"self":[{"href":"https:\/\/www.hotelsunflower.it\/es\/wp-json\/wp\/v2\/pages\/1116","targetHints":{"allow":["GET"]}}],"collection":[{"href":"https:\/\/www.hotelsunflower.it\/es\/wp-json\/wp\/v2\/pages"}],"about":[{"href":"https:\/\/www.hotelsunflower.it\/es\/wp-json\/wp\/v2\/types\/page"}],"author":[{"embeddable":true,"href":"https:\/\/www.hotelsunflower.it\/es\/wp-json\/wp\/v2\/users\/13"}],"replies":[{"embeddable":true,"href":"https:\/\/www.hotelsunflower.it\/es\/wp-json\/wp\/v2\/comments?post=1116"}],"version-history":[{"count":0,"href":"https:\/\/www.hotelsunflower.it\/es\/wp-json\/wp\/v2\/pages\/1116\/revisions"}],"wp:featuredmedia":[{"embeddable":true,"href":"https:\/\/www.hotelsunflower.it\/es\/wp-json\/wp\/v2\/media\/794"}],"wp:attachment":[{"href":"https:\/\/www.hotelsunflower.it\/es\/wp-json\/wp\/v2\/media?parent=1116"}],"curies":[{"name":"wp","href":"https:\/\/api.w.org\/{rel}","templated":true}]}}