{"id":1119,"date":"2021-11-19T14:17:04","date_gmt":"2021-11-19T13:17:04","guid":{"rendered":"https:\/\/hotelsunflower.ms.decms.eu\/?page_id=1119"},"modified":"2021-11-19T14:17:04","modified_gmt":"2021-11-19T13:17:04","slug":"jardin","status":"publish","type":"page","link":"https:\/\/www.hotelsunflower.it\/es\/servicios\/jardin\/","title":{"rendered":"Jard\u00edn"},"content":{"rendered":"<p>Un espacio al aire libre donde tomarse un caf\u00e9 o un aperitivo, charlar e incluso trabajar gracias a la red wifi gratuita. Nuestro jard\u00edn es un espacio maravilloso que cuidamos con esmero para ofrecerles a nuestros hu\u00e9spedes un rinc\u00f3n verde en la ciudad en el que poder relajarse y socializar. \u00bfLe gusta nuestro jard\u00edn y desea organizar aqu\u00ed un evento para su empresa? Escriba a <a href=\"mailto:info@hotelsunflower.it\">info@hotelsunflower.it<\/a><\/p>\n","protected":false},"excerpt":{"rendered":"<p>Un espacio al aire libre donde tomarse un caf\u00e9 o un aperitivo, charlar e incluso [&hellip;]<\/p>\n","protected":false},"author":13,"featured_media":773,"parent":1116,"menu_order":40,"comment_status":"closed","ping_status":"closed","template":"","meta":{"footnotes":""},"class_list":["post-1119","page","type-page","status-publish","has-post-thumbnail","hentry"],"yoast_head":"<!-- This site is optimized with the Yoast SEO plugin v26.9 - https:\/\/yoast.com\/product\/yoast-seo-wordpress\/ -->\n<title>Jard\u00edn &#8226; Hotel Sunflower &#8226;<\/title>\n<meta name=\"description\" content=\"Un espacio al aire libre donde tomarse un caf\u00e9 o un aperitivo, charlar e incluso trabajar gracias a la red wifi gratuita. Nuestro jard\u00edn es un espacio maravilloso que cuidamos con esmero para ofrecerles a nuestros hu\u00e9spedes un rinc\u00f3n verde en la ciudad en el que poder relajarse y socializar\" \/>\n<meta name=\"robots\" content=\"index, follow, max-snippet:-1, max-image-preview:large, max-video-preview:-1\" \/>\n<link rel=\"canonical\" href=\"https:\/\/www.hotelsunflower.it\/es\/servicios\/jardin\/\" \/>\n<meta property=\"og:locale\" content=\"es_ES\" \/>\n<meta property=\"og:type\" content=\"article\" \/>\n<meta property=\"og:title\" content=\"Jard\u00edn &#8226; Hotel Sunflower &#8226;\" \/>\n<meta property=\"og:description\" content=\"Un espacio al aire libre donde tomarse un caf\u00e9 o un aperitivo, charlar e incluso trabajar gracias a la red wifi gratuita. Nuestro jard\u00edn es un espacio maravilloso que cuidamos con esmero para ofrecerles a nuestros hu\u00e9spedes un rinc\u00f3n verde en la ciudad en el que poder relajarse y socializar\" \/>\n<meta property=\"og:url\" content=\"https:\/\/www.hotelsunflower.it\/es\/servicios\/jardin\/\" \/>\n<meta property=\"og:site_name\" content=\"Hotel Sunflower\" \/>\n<meta property=\"og:image\" content=\"https:\/\/www.hotelsunflower.it\/wp-content\/uploads\/sites\/315\/2021\/11\/hotel_sunflower_servizi_giardino_gallery_05.jpg\" \/>\n\t<meta property=\"og:image:width\" content=\"1200\" \/>\n\t<meta property=\"og:image:height\" content=\"800\" \/>\n\t<meta property=\"og:image:type\" content=\"image\/jpeg\" \/>\n<meta name=\"twitter:card\" content=\"summary_large_image\" \/>\n<script type=\"application\/ld+json\" class=\"yoast-schema-graph\">{\"@context\":\"https:\/\/schema.org\",\"@graph\":[{\"@type\":\"WebPage\",\"@id\":\"https:\/\/www.hotelsunflower.it\/es\/servicios\/jardin\/\",\"url\":\"https:\/\/www.hotelsunflower.it\/es\/servicios\/jardin\/\",\"name\":\"Jard\u00edn &#8226; Hotel Sunflower &#8226;\",\"isPartOf\":{\"@id\":\"https:\/\/www.hotelsunflower.it\/es\/#website\"},\"primaryImageOfPage\":{\"@id\":\"https:\/\/www.hotelsunflower.it\/es\/servicios\/jardin\/#primaryimage\"},\"image\":{\"@id\":\"https:\/\/www.hotelsunflower.it\/es\/servicios\/jardin\/#primaryimage\"},\"thumbnailUrl\":\"https:\/\/www.hotelsunflower.it\/wp-content\/uploads\/sites\/315\/2021\/11\/hotel_sunflower_servizi_giardino_gallery_05.jpg\",\"datePublished\":\"2021-11-19T13:17:04+00:00\",\"description\":\"Un espacio al aire libre donde tomarse un caf\u00e9 o un aperitivo, charlar e incluso trabajar gracias a la red wifi gratuita. Nuestro jard\u00edn es un espacio maravilloso que cuidamos con esmero para ofrecerles a nuestros hu\u00e9spedes un rinc\u00f3n verde en la ciudad en el que poder relajarse y socializar\",\"breadcrumb\":{\"@id\":\"https:\/\/www.hotelsunflower.it\/es\/servicios\/jardin\/#breadcrumb\"},\"inLanguage\":\"es\",\"potentialAction\":[{\"@type\":\"ReadAction\",\"target\":[\"https:\/\/www.hotelsunflower.it\/es\/servicios\/jardin\/\"]}]},{\"@type\":\"ImageObject\",\"inLanguage\":\"es\",\"@id\":\"https:\/\/www.hotelsunflower.it\/es\/servicios\/jardin\/#primaryimage\",\"url\":\"https:\/\/www.hotelsunflower.it\/wp-content\/uploads\/sites\/315\/2021\/11\/hotel_sunflower_servizi_giardino_gallery_05.jpg\",\"contentUrl\":\"https:\/\/www.hotelsunflower.it\/wp-content\/uploads\/sites\/315\/2021\/11\/hotel_sunflower_servizi_giardino_gallery_05.jpg\",\"width\":1200,\"height\":800},{\"@type\":\"BreadcrumbList\",\"@id\":\"https:\/\/www.hotelsunflower.it\/es\/servicios\/jardin\/#breadcrumb\",\"itemListElement\":[{\"@type\":\"ListItem\",\"position\":1,\"name\":\"Home\",\"item\":\"https:\/\/www.hotelsunflower.it\/es\/\"},{\"@type\":\"ListItem\",\"position\":2,\"name\":\"Servicios\",\"item\":\"https:\/\/www.hotelsunflower.it\/es\/servicios\/\"},{\"@type\":\"ListItem\",\"position\":3,\"name\":\"Jard\u00edn\"}]},{\"@type\":\"WebSite\",\"@id\":\"https:\/\/www.hotelsunflower.it\/es\/#website\",\"url\":\"https:\/\/www.hotelsunflower.it\/es\/\",\"name\":\"Hotel Sunflower\",\"description\":\"Ecco un altro sito ms.decms.eu\",\"potentialAction\":[{\"@type\":\"SearchAction\",\"target\":{\"@type\":\"EntryPoint\",\"urlTemplate\":\"https:\/\/www.hotelsunflower.it\/es\/?s={search_term_string}\"},\"query-input\":{\"@type\":\"PropertyValueSpecification\",\"valueRequired\":true,\"valueName\":\"search_term_string\"}}],\"inLanguage\":\"es\"}]}<\/script>\n<!-- \/ Yoast SEO plugin. -->","yoast_head_json":{"title":"Jard\u00edn &#8226; Hotel Sunflower &#8226;","description":"Un espacio al aire libre donde tomarse un caf\u00e9 o un aperitivo, charlar e incluso trabajar gracias a la red wifi gratuita. Nuestro jard\u00edn es un espacio maravilloso que cuidamos con esmero para ofrecerles a nuestros hu\u00e9spedes un rinc\u00f3n verde en la ciudad en el que poder relajarse y socializar","robots":{"index":"index","follow":"follow","max-snippet":"max-snippet:-1","max-image-preview":"max-image-preview:large","max-video-preview":"max-video-preview:-1"},"canonical":"https:\/\/www.hotelsunflower.it\/es\/servicios\/jardin\/","og_locale":"es_ES","og_type":"article","og_title":"Jard\u00edn &#8226; Hotel Sunflower &#8226;","og_description":"Un espacio al aire libre donde tomarse un caf\u00e9 o un aperitivo, charlar e incluso trabajar gracias a la red wifi gratuita. Nuestro jard\u00edn es un espacio maravilloso que cuidamos con esmero para ofrecerles a nuestros hu\u00e9spedes un rinc\u00f3n verde en la ciudad en el que poder relajarse y socializar","og_url":"https:\/\/www.hotelsunflower.it\/es\/servicios\/jardin\/","og_site_name":"Hotel Sunflower","og_image":[{"width":1200,"height":800,"url":"https:\/\/www.hotelsunflower.it\/wp-content\/uploads\/sites\/315\/2021\/11\/hotel_sunflower_servizi_giardino_gallery_05.jpg","type":"image\/jpeg"}],"twitter_card":"summary_large_image","schema":{"@context":"https:\/\/schema.org","@graph":[{"@type":"WebPage","@id":"https:\/\/www.hotelsunflower.it\/es\/servicios\/jardin\/","url":"https:\/\/www.hotelsunflower.it\/es\/servicios\/jardin\/","name":"Jard\u00edn &#8226; Hotel Sunflower &#8226;","isPartOf":{"@id":"https:\/\/www.hotelsunflower.it\/es\/#website"},"primaryImageOfPage":{"@id":"https:\/\/www.hotelsunflower.it\/es\/servicios\/jardin\/#primaryimage"},"image":{"@id":"https:\/\/www.hotelsunflower.it\/es\/servicios\/jardin\/#primaryimage"},"thumbnailUrl":"https:\/\/www.hotelsunflower.it\/wp-content\/uploads\/sites\/315\/2021\/11\/hotel_sunflower_servizi_giardino_gallery_05.jpg","datePublished":"2021-11-19T13:17:04+00:00","description":"Un espacio al aire libre donde tomarse un caf\u00e9 o un aperitivo, charlar e incluso trabajar gracias a la red wifi gratuita. Nuestro jard\u00edn es un espacio maravilloso que cuidamos con esmero para ofrecerles a nuestros hu\u00e9spedes un rinc\u00f3n verde en la ciudad en el que poder relajarse y socializar","breadcrumb":{"@id":"https:\/\/www.hotelsunflower.it\/es\/servicios\/jardin\/#breadcrumb"},"inLanguage":"es","potentialAction":[{"@type":"ReadAction","target":["https:\/\/www.hotelsunflower.it\/es\/servicios\/jardin\/"]}]},{"@type":"ImageObject","inLanguage":"es","@id":"https:\/\/www.hotelsunflower.it\/es\/servicios\/jardin\/#primaryimage","url":"https:\/\/www.hotelsunflower.it\/wp-content\/uploads\/sites\/315\/2021\/11\/hotel_sunflower_servizi_giardino_gallery_05.jpg","contentUrl":"https:\/\/www.hotelsunflower.it\/wp-content\/uploads\/sites\/315\/2021\/11\/hotel_sunflower_servizi_giardino_gallery_05.jpg","width":1200,"height":800},{"@type":"BreadcrumbList","@id":"https:\/\/www.hotelsunflower.it\/es\/servicios\/jardin\/#breadcrumb","itemListElement":[{"@type":"ListItem","position":1,"name":"Home","item":"https:\/\/www.hotelsunflower.it\/es\/"},{"@type":"ListItem","position":2,"name":"Servicios","item":"https:\/\/www.hotelsunflower.it\/es\/servicios\/"},{"@type":"ListItem","position":3,"name":"Jard\u00edn"}]},{"@type":"WebSite","@id":"https:\/\/www.hotelsunflower.it\/es\/#website","url":"https:\/\/www.hotelsunflower.it\/es\/","name":"Hotel Sunflower","description":"Ecco un altro sito ms.decms.eu","potentialAction":[{"@type":"SearchAction","target":{"@type":"EntryPoint","urlTemplate":"https:\/\/www.hotelsunflower.it\/es\/?s={search_term_string}"},"query-input":{"@type":"PropertyValueSpecification","valueRequired":true,"valueName":"search_term_string"}}],"inLanguage":"es"}]}},"acf":[],"_links":{"self":[{"href":"https:\/\/www.hotelsunflower.it\/es\/wp-json\/wp\/v2\/pages\/1119","targetHints":{"allow":["GET"]}}],"collection":[{"href":"https:\/\/www.hotelsunflower.it\/es\/wp-json\/wp\/v2\/pages"}],"about":[{"href":"https:\/\/www.hotelsunflower.it\/es\/wp-json\/wp\/v2\/types\/page"}],"author":[{"embeddable":true,"href":"https:\/\/www.hotelsunflower.it\/es\/wp-json\/wp\/v2\/users\/13"}],"replies":[{"embeddable":true,"href":"https:\/\/www.hotelsunflower.it\/es\/wp-json\/wp\/v2\/comments?post=1119"}],"version-history":[{"count":0,"href":"https:\/\/www.hotelsunflower.it\/es\/wp-json\/wp\/v2\/pages\/1119\/revisions"}],"up":[{"embeddable":true,"href":"https:\/\/www.hotelsunflower.it\/es\/wp-json\/wp\/v2\/pages\/1116"}],"wp:featuredmedia":[{"embeddable":true,"href":"https:\/\/www.hotelsunflower.it\/es\/wp-json\/wp\/v2\/media\/773"}],"wp:attachment":[{"href":"https:\/\/www.hotelsunflower.it\/es\/wp-json\/wp\/v2\/media?parent=1119"}],"curies":[{"name":"wp","href":"https:\/\/api.w.org\/{rel}","templated":true}]}}