{"id":1120,"date":"2021-11-19T14:17:11","date_gmt":"2021-11-19T13:17:11","guid":{"rendered":"https:\/\/hotelsunflower.ms.decms.eu\/?page_id=1120"},"modified":"2021-11-19T14:17:11","modified_gmt":"2021-11-19T13:17:11","slug":"garaje","status":"publish","type":"page","link":"https:\/\/www.hotelsunflower.it\/es\/servicios\/garaje\/","title":{"rendered":"Garaje"},"content":{"rendered":"<p>Viajar a Mil\u00e1n en coche puede resultar estresante, especialmente a la hora de encontrar aparcamiento. Aunque puede que encuentre aparcamiento cerca del hotel por casualidad, a veces la b\u00fasqueda puede resultar un tanto complicada. \u00a1No en nuestro caso! El Hotel Sunflower dispone de un gran garaje privado en el hotel con capacidad para m\u00e1s de 50 veh\u00edculos. Solo tiene que reservar una plaza de aparcamiento en nuestro hotel y tendr\u00e1 el aparcamiento garantizado durante toda su estancia.<br \/>\nEl aparcamiento es un servicio de pago.<\/p>\n","protected":false},"excerpt":{"rendered":"<p>Viajar a Mil\u00e1n en coche puede resultar estresante, especialmente a la hora de encontrar aparcamiento. [&hellip;]<\/p>\n","protected":false},"author":13,"featured_media":800,"parent":1116,"menu_order":50,"comment_status":"closed","ping_status":"closed","template":"","meta":{"footnotes":""},"class_list":["post-1120","page","type-page","status-publish","has-post-thumbnail","hentry"],"yoast_head":"<!-- This site is optimized with the Yoast SEO plugin v26.9 - https:\/\/yoast.com\/product\/yoast-seo-wordpress\/ -->\n<title>Garaje &#8226; Hotel Sunflower &#8226;<\/title>\n<meta name=\"description\" content=\"Viajar a Mil\u00e1n en coche puede resultar estresante, especialmente a la hora de encontrar aparcamiento. Aunque puede que encuentre aparcamiento cerca del hotel por casualidad, a veces la b\u00fasqueda puede resultar un tanto complicada\" \/>\n<meta name=\"robots\" content=\"index, follow, max-snippet:-1, max-image-preview:large, max-video-preview:-1\" \/>\n<link rel=\"canonical\" href=\"https:\/\/www.hotelsunflower.it\/es\/servicios\/garaje\/\" \/>\n<meta property=\"og:locale\" content=\"es_ES\" \/>\n<meta property=\"og:type\" content=\"article\" \/>\n<meta property=\"og:title\" content=\"Garaje &#8226; Hotel Sunflower &#8226;\" \/>\n<meta property=\"og:description\" content=\"Viajar a Mil\u00e1n en coche puede resultar estresante, especialmente a la hora de encontrar aparcamiento. Aunque puede que encuentre aparcamiento cerca del hotel por casualidad, a veces la b\u00fasqueda puede resultar un tanto complicada\" \/>\n<meta property=\"og:url\" content=\"https:\/\/www.hotelsunflower.it\/es\/servicios\/garaje\/\" \/>\n<meta property=\"og:site_name\" content=\"Hotel Sunflower\" \/>\n<meta property=\"og:image\" content=\"https:\/\/www.hotelsunflower.it\/wp-content\/uploads\/sites\/315\/2021\/06\/hotel_sunflower_servizi_garage_gallery_02.jpg\" \/>\n\t<meta property=\"og:image:width\" content=\"1200\" \/>\n\t<meta property=\"og:image:height\" content=\"800\" \/>\n\t<meta property=\"og:image:type\" content=\"image\/jpeg\" \/>\n<meta name=\"twitter:card\" content=\"summary_large_image\" \/>\n<script type=\"application\/ld+json\" class=\"yoast-schema-graph\">{\"@context\":\"https:\/\/schema.org\",\"@graph\":[{\"@type\":\"WebPage\",\"@id\":\"https:\/\/www.hotelsunflower.it\/es\/servicios\/garaje\/\",\"url\":\"https:\/\/www.hotelsunflower.it\/es\/servicios\/garaje\/\",\"name\":\"Garaje &#8226; Hotel Sunflower &#8226;\",\"isPartOf\":{\"@id\":\"https:\/\/www.hotelsunflower.it\/es\/#website\"},\"primaryImageOfPage\":{\"@id\":\"https:\/\/www.hotelsunflower.it\/es\/servicios\/garaje\/#primaryimage\"},\"image\":{\"@id\":\"https:\/\/www.hotelsunflower.it\/es\/servicios\/garaje\/#primaryimage\"},\"thumbnailUrl\":\"https:\/\/www.hotelsunflower.it\/wp-content\/uploads\/sites\/315\/2021\/06\/hotel_sunflower_servizi_garage_gallery_02.jpg\",\"datePublished\":\"2021-11-19T13:17:11+00:00\",\"description\":\"Viajar a Mil\u00e1n en coche puede resultar estresante, especialmente a la hora de encontrar aparcamiento. Aunque puede que encuentre aparcamiento cerca del hotel por casualidad, a veces la b\u00fasqueda puede resultar un tanto complicada\",\"breadcrumb\":{\"@id\":\"https:\/\/www.hotelsunflower.it\/es\/servicios\/garaje\/#breadcrumb\"},\"inLanguage\":\"es\",\"potentialAction\":[{\"@type\":\"ReadAction\",\"target\":[\"https:\/\/www.hotelsunflower.it\/es\/servicios\/garaje\/\"]}]},{\"@type\":\"ImageObject\",\"inLanguage\":\"es\",\"@id\":\"https:\/\/www.hotelsunflower.it\/es\/servicios\/garaje\/#primaryimage\",\"url\":\"https:\/\/www.hotelsunflower.it\/wp-content\/uploads\/sites\/315\/2021\/06\/hotel_sunflower_servizi_garage_gallery_02.jpg\",\"contentUrl\":\"https:\/\/www.hotelsunflower.it\/wp-content\/uploads\/sites\/315\/2021\/06\/hotel_sunflower_servizi_garage_gallery_02.jpg\",\"width\":1200,\"height\":800},{\"@type\":\"BreadcrumbList\",\"@id\":\"https:\/\/www.hotelsunflower.it\/es\/servicios\/garaje\/#breadcrumb\",\"itemListElement\":[{\"@type\":\"ListItem\",\"position\":1,\"name\":\"Home\",\"item\":\"https:\/\/www.hotelsunflower.it\/es\/\"},{\"@type\":\"ListItem\",\"position\":2,\"name\":\"Servicios\",\"item\":\"https:\/\/www.hotelsunflower.it\/es\/servicios\/\"},{\"@type\":\"ListItem\",\"position\":3,\"name\":\"Garaje\"}]},{\"@type\":\"WebSite\",\"@id\":\"https:\/\/www.hotelsunflower.it\/es\/#website\",\"url\":\"https:\/\/www.hotelsunflower.it\/es\/\",\"name\":\"Hotel Sunflower\",\"description\":\"Ecco un altro sito ms.decms.eu\",\"potentialAction\":[{\"@type\":\"SearchAction\",\"target\":{\"@type\":\"EntryPoint\",\"urlTemplate\":\"https:\/\/www.hotelsunflower.it\/es\/?s={search_term_string}\"},\"query-input\":{\"@type\":\"PropertyValueSpecification\",\"valueRequired\":true,\"valueName\":\"search_term_string\"}}],\"inLanguage\":\"es\"}]}<\/script>\n<!-- \/ Yoast SEO plugin. -->","yoast_head_json":{"title":"Garaje &#8226; Hotel Sunflower &#8226;","description":"Viajar a Mil\u00e1n en coche puede resultar estresante, especialmente a la hora de encontrar aparcamiento. Aunque puede que encuentre aparcamiento cerca del hotel por casualidad, a veces la b\u00fasqueda puede resultar un tanto complicada","robots":{"index":"index","follow":"follow","max-snippet":"max-snippet:-1","max-image-preview":"max-image-preview:large","max-video-preview":"max-video-preview:-1"},"canonical":"https:\/\/www.hotelsunflower.it\/es\/servicios\/garaje\/","og_locale":"es_ES","og_type":"article","og_title":"Garaje &#8226; Hotel Sunflower &#8226;","og_description":"Viajar a Mil\u00e1n en coche puede resultar estresante, especialmente a la hora de encontrar aparcamiento. Aunque puede que encuentre aparcamiento cerca del hotel por casualidad, a veces la b\u00fasqueda puede resultar un tanto complicada","og_url":"https:\/\/www.hotelsunflower.it\/es\/servicios\/garaje\/","og_site_name":"Hotel Sunflower","og_image":[{"width":1200,"height":800,"url":"https:\/\/www.hotelsunflower.it\/wp-content\/uploads\/sites\/315\/2021\/06\/hotel_sunflower_servizi_garage_gallery_02.jpg","type":"image\/jpeg"}],"twitter_card":"summary_large_image","schema":{"@context":"https:\/\/schema.org","@graph":[{"@type":"WebPage","@id":"https:\/\/www.hotelsunflower.it\/es\/servicios\/garaje\/","url":"https:\/\/www.hotelsunflower.it\/es\/servicios\/garaje\/","name":"Garaje &#8226; Hotel Sunflower &#8226;","isPartOf":{"@id":"https:\/\/www.hotelsunflower.it\/es\/#website"},"primaryImageOfPage":{"@id":"https:\/\/www.hotelsunflower.it\/es\/servicios\/garaje\/#primaryimage"},"image":{"@id":"https:\/\/www.hotelsunflower.it\/es\/servicios\/garaje\/#primaryimage"},"thumbnailUrl":"https:\/\/www.hotelsunflower.it\/wp-content\/uploads\/sites\/315\/2021\/06\/hotel_sunflower_servizi_garage_gallery_02.jpg","datePublished":"2021-11-19T13:17:11+00:00","description":"Viajar a Mil\u00e1n en coche puede resultar estresante, especialmente a la hora de encontrar aparcamiento. Aunque puede que encuentre aparcamiento cerca del hotel por casualidad, a veces la b\u00fasqueda puede resultar un tanto complicada","breadcrumb":{"@id":"https:\/\/www.hotelsunflower.it\/es\/servicios\/garaje\/#breadcrumb"},"inLanguage":"es","potentialAction":[{"@type":"ReadAction","target":["https:\/\/www.hotelsunflower.it\/es\/servicios\/garaje\/"]}]},{"@type":"ImageObject","inLanguage":"es","@id":"https:\/\/www.hotelsunflower.it\/es\/servicios\/garaje\/#primaryimage","url":"https:\/\/www.hotelsunflower.it\/wp-content\/uploads\/sites\/315\/2021\/06\/hotel_sunflower_servizi_garage_gallery_02.jpg","contentUrl":"https:\/\/www.hotelsunflower.it\/wp-content\/uploads\/sites\/315\/2021\/06\/hotel_sunflower_servizi_garage_gallery_02.jpg","width":1200,"height":800},{"@type":"BreadcrumbList","@id":"https:\/\/www.hotelsunflower.it\/es\/servicios\/garaje\/#breadcrumb","itemListElement":[{"@type":"ListItem","position":1,"name":"Home","item":"https:\/\/www.hotelsunflower.it\/es\/"},{"@type":"ListItem","position":2,"name":"Servicios","item":"https:\/\/www.hotelsunflower.it\/es\/servicios\/"},{"@type":"ListItem","position":3,"name":"Garaje"}]},{"@type":"WebSite","@id":"https:\/\/www.hotelsunflower.it\/es\/#website","url":"https:\/\/www.hotelsunflower.it\/es\/","name":"Hotel Sunflower","description":"Ecco un altro sito ms.decms.eu","potentialAction":[{"@type":"SearchAction","target":{"@type":"EntryPoint","urlTemplate":"https:\/\/www.hotelsunflower.it\/es\/?s={search_term_string}"},"query-input":{"@type":"PropertyValueSpecification","valueRequired":true,"valueName":"search_term_string"}}],"inLanguage":"es"}]}},"acf":[],"_links":{"self":[{"href":"https:\/\/www.hotelsunflower.it\/es\/wp-json\/wp\/v2\/pages\/1120","targetHints":{"allow":["GET"]}}],"collection":[{"href":"https:\/\/www.hotelsunflower.it\/es\/wp-json\/wp\/v2\/pages"}],"about":[{"href":"https:\/\/www.hotelsunflower.it\/es\/wp-json\/wp\/v2\/types\/page"}],"author":[{"embeddable":true,"href":"https:\/\/www.hotelsunflower.it\/es\/wp-json\/wp\/v2\/users\/13"}],"replies":[{"embeddable":true,"href":"https:\/\/www.hotelsunflower.it\/es\/wp-json\/wp\/v2\/comments?post=1120"}],"version-history":[{"count":0,"href":"https:\/\/www.hotelsunflower.it\/es\/wp-json\/wp\/v2\/pages\/1120\/revisions"}],"up":[{"embeddable":true,"href":"https:\/\/www.hotelsunflower.it\/es\/wp-json\/wp\/v2\/pages\/1116"}],"wp:featuredmedia":[{"embeddable":true,"href":"https:\/\/www.hotelsunflower.it\/es\/wp-json\/wp\/v2\/media\/800"}],"wp:attachment":[{"href":"https:\/\/www.hotelsunflower.it\/es\/wp-json\/wp\/v2\/media?parent=1120"}],"curies":[{"name":"wp","href":"https:\/\/api.w.org\/{rel}","templated":true}]}}