{"id":1121,"date":"2021-11-19T14:17:24","date_gmt":"2021-11-19T13:17:24","guid":{"rendered":"https:\/\/hotelsunflower.ms.decms.eu\/?page_id=1121"},"modified":"2021-11-19T14:17:24","modified_gmt":"2021-11-19T13:17:24","slug":"bar","status":"publish","type":"page","link":"https:\/\/www.hotelsunflower.it\/es\/servicios\/bar\/","title":{"rendered":"Bar"},"content":{"rendered":"<p>Abierto durante todo el d\u00eda y muy apreciado y frecuentado por nuestros hu\u00e9spedes, el bar es el lugar de encuentro donde comenzar el d\u00eda tomando un caf\u00e9 con los compa\u00f1eros, planificar la visita al centro de la ciudad con los amigos u organizar la salida al concierto o a San Siro mientras disfruta de una bebida o refrigerio. En el bar dispondr\u00e1 siempre de caf\u00e9, bebidas y aperitivos, adem\u00e1s de la <em>happy hour<\/em>, una vez a la semana, con el tradicional aperitivo milan\u00e9s que ofrece el Hotel Sunflower.<\/p>\n","protected":false},"excerpt":{"rendered":"<p>Abierto durante todo el d\u00eda y muy apreciado y frecuentado por nuestros hu\u00e9spedes, el bar [&hellip;]<\/p>\n","protected":false},"author":13,"featured_media":1504,"parent":1116,"menu_order":30,"comment_status":"closed","ping_status":"closed","template":"","meta":{"footnotes":""},"class_list":["post-1121","page","type-page","status-publish","has-post-thumbnail","hentry"],"yoast_head":"<!-- This site is optimized with the Yoast SEO plugin v26.9 - https:\/\/yoast.com\/product\/yoast-seo-wordpress\/ -->\n<title>Bar &#8226; Hotel Sunflower &#8226;<\/title>\n<meta name=\"description\" content=\"Abierto durante todo el d\u00eda y muy apreciado y frecuentado por nuestros hu\u00e9spedes, el bar es el lugar de encuentro donde comenzar el d\u00eda tomando un caf\u00e9 con los compa\u00f1eros, planificar la visita al centro de la ciudad con los amigos u organizar la salida al concierto o a San Siro mientras disfruta de una bebida o refrigerio. En el bar dispondr\u00e1 siempre de caf\u00e9, bebidas y aperitivos, adem\u00e1s de la happy hour, una vez a la semana, con el tradicional aperitivo milan\u00e9s que ofrece el Hotel Sunflower.\" \/>\n<meta name=\"robots\" content=\"index, follow, max-snippet:-1, max-image-preview:large, max-video-preview:-1\" \/>\n<link rel=\"canonical\" href=\"https:\/\/www.hotelsunflower.it\/es\/servicios\/bar\/\" \/>\n<meta property=\"og:locale\" content=\"es_ES\" \/>\n<meta property=\"og:type\" content=\"article\" \/>\n<meta property=\"og:title\" content=\"Bar &#8226; Hotel Sunflower &#8226;\" \/>\n<meta property=\"og:description\" content=\"Abierto durante todo el d\u00eda y muy apreciado y frecuentado por nuestros hu\u00e9spedes, el bar es el lugar de encuentro donde comenzar el d\u00eda tomando un caf\u00e9 con los compa\u00f1eros, planificar la visita al centro de la ciudad con los amigos u organizar la salida al concierto o a San Siro mientras disfruta de una bebida o refrigerio. En el bar dispondr\u00e1 siempre de caf\u00e9, bebidas y aperitivos, adem\u00e1s de la happy hour, una vez a la semana, con el tradicional aperitivo milan\u00e9s que ofrece el Hotel Sunflower.\" \/>\n<meta property=\"og:url\" content=\"https:\/\/www.hotelsunflower.it\/es\/servicios\/bar\/\" \/>\n<meta property=\"og:site_name\" content=\"Hotel Sunflower\" \/>\n<meta property=\"og:image\" content=\"https:\/\/www.hotelsunflower.it\/wp-content\/uploads\/sites\/315\/2021\/06\/hotel_sunflower_servizi_bar_gallery_02.jpg\" \/>\n\t<meta property=\"og:image:width\" content=\"1200\" \/>\n\t<meta property=\"og:image:height\" content=\"800\" \/>\n\t<meta property=\"og:image:type\" content=\"image\/jpeg\" \/>\n<meta name=\"twitter:card\" content=\"summary_large_image\" \/>\n<script type=\"application\/ld+json\" class=\"yoast-schema-graph\">{\"@context\":\"https:\/\/schema.org\",\"@graph\":[{\"@type\":\"WebPage\",\"@id\":\"https:\/\/www.hotelsunflower.it\/es\/servicios\/bar\/\",\"url\":\"https:\/\/www.hotelsunflower.it\/es\/servicios\/bar\/\",\"name\":\"Bar &#8226; Hotel Sunflower &#8226;\",\"isPartOf\":{\"@id\":\"https:\/\/www.hotelsunflower.it\/es\/#website\"},\"primaryImageOfPage\":{\"@id\":\"https:\/\/www.hotelsunflower.it\/es\/servicios\/bar\/#primaryimage\"},\"image\":{\"@id\":\"https:\/\/www.hotelsunflower.it\/es\/servicios\/bar\/#primaryimage\"},\"thumbnailUrl\":\"https:\/\/www.hotelsunflower.it\/wp-content\/uploads\/sites\/315\/2024\/02\/Sunflower-9-1.jpg\",\"datePublished\":\"2021-11-19T13:17:24+00:00\",\"description\":\"Abierto durante todo el d\u00eda y muy apreciado y frecuentado por nuestros hu\u00e9spedes, el bar es el lugar de encuentro donde comenzar el d\u00eda tomando un caf\u00e9 con los compa\u00f1eros, planificar la visita al centro de la ciudad con los amigos u organizar la salida al concierto o a San Siro mientras disfruta de una bebida o refrigerio. En el bar dispondr\u00e1 siempre de caf\u00e9, bebidas y aperitivos, adem\u00e1s de la happy hour, una vez a la semana, con el tradicional aperitivo milan\u00e9s que ofrece el Hotel Sunflower.\",\"breadcrumb\":{\"@id\":\"https:\/\/www.hotelsunflower.it\/es\/servicios\/bar\/#breadcrumb\"},\"inLanguage\":\"es\",\"potentialAction\":[{\"@type\":\"ReadAction\",\"target\":[\"https:\/\/www.hotelsunflower.it\/es\/servicios\/bar\/\"]}]},{\"@type\":\"ImageObject\",\"inLanguage\":\"es\",\"@id\":\"https:\/\/www.hotelsunflower.it\/es\/servicios\/bar\/#primaryimage\",\"url\":\"https:\/\/www.hotelsunflower.it\/wp-content\/uploads\/sites\/315\/2024\/02\/Sunflower-9-1.jpg\",\"contentUrl\":\"https:\/\/www.hotelsunflower.it\/wp-content\/uploads\/sites\/315\/2024\/02\/Sunflower-9-1.jpg\",\"width\":1800,\"height\":1200},{\"@type\":\"BreadcrumbList\",\"@id\":\"https:\/\/www.hotelsunflower.it\/es\/servicios\/bar\/#breadcrumb\",\"itemListElement\":[{\"@type\":\"ListItem\",\"position\":1,\"name\":\"Home\",\"item\":\"https:\/\/www.hotelsunflower.it\/es\/\"},{\"@type\":\"ListItem\",\"position\":2,\"name\":\"Servicios\",\"item\":\"https:\/\/www.hotelsunflower.it\/es\/servicios\/\"},{\"@type\":\"ListItem\",\"position\":3,\"name\":\"Bar\"}]},{\"@type\":\"WebSite\",\"@id\":\"https:\/\/www.hotelsunflower.it\/es\/#website\",\"url\":\"https:\/\/www.hotelsunflower.it\/es\/\",\"name\":\"Hotel Sunflower\",\"description\":\"Ecco un altro sito ms.decms.eu\",\"potentialAction\":[{\"@type\":\"SearchAction\",\"target\":{\"@type\":\"EntryPoint\",\"urlTemplate\":\"https:\/\/www.hotelsunflower.it\/es\/?s={search_term_string}\"},\"query-input\":{\"@type\":\"PropertyValueSpecification\",\"valueRequired\":true,\"valueName\":\"search_term_string\"}}],\"inLanguage\":\"es\"}]}<\/script>\n<!-- \/ Yoast SEO plugin. -->","yoast_head_json":{"title":"Bar &#8226; Hotel Sunflower &#8226;","description":"Abierto durante todo el d\u00eda y muy apreciado y frecuentado por nuestros hu\u00e9spedes, el bar es el lugar de encuentro donde comenzar el d\u00eda tomando un caf\u00e9 con los compa\u00f1eros, planificar la visita al centro de la ciudad con los amigos u organizar la salida al concierto o a San Siro mientras disfruta de una bebida o refrigerio. En el bar dispondr\u00e1 siempre de caf\u00e9, bebidas y aperitivos, adem\u00e1s de la happy hour, una vez a la semana, con el tradicional aperitivo milan\u00e9s que ofrece el Hotel Sunflower.","robots":{"index":"index","follow":"follow","max-snippet":"max-snippet:-1","max-image-preview":"max-image-preview:large","max-video-preview":"max-video-preview:-1"},"canonical":"https:\/\/www.hotelsunflower.it\/es\/servicios\/bar\/","og_locale":"es_ES","og_type":"article","og_title":"Bar &#8226; Hotel Sunflower &#8226;","og_description":"Abierto durante todo el d\u00eda y muy apreciado y frecuentado por nuestros hu\u00e9spedes, el bar es el lugar de encuentro donde comenzar el d\u00eda tomando un caf\u00e9 con los compa\u00f1eros, planificar la visita al centro de la ciudad con los amigos u organizar la salida al concierto o a San Siro mientras disfruta de una bebida o refrigerio. En el bar dispondr\u00e1 siempre de caf\u00e9, bebidas y aperitivos, adem\u00e1s de la happy hour, una vez a la semana, con el tradicional aperitivo milan\u00e9s que ofrece el Hotel Sunflower.","og_url":"https:\/\/www.hotelsunflower.it\/es\/servicios\/bar\/","og_site_name":"Hotel Sunflower","og_image":[{"width":1200,"height":800,"url":"https:\/\/www.hotelsunflower.it\/wp-content\/uploads\/sites\/315\/2021\/06\/hotel_sunflower_servizi_bar_gallery_02.jpg","type":"image\/jpeg"}],"twitter_card":"summary_large_image","schema":{"@context":"https:\/\/schema.org","@graph":[{"@type":"WebPage","@id":"https:\/\/www.hotelsunflower.it\/es\/servicios\/bar\/","url":"https:\/\/www.hotelsunflower.it\/es\/servicios\/bar\/","name":"Bar &#8226; Hotel Sunflower &#8226;","isPartOf":{"@id":"https:\/\/www.hotelsunflower.it\/es\/#website"},"primaryImageOfPage":{"@id":"https:\/\/www.hotelsunflower.it\/es\/servicios\/bar\/#primaryimage"},"image":{"@id":"https:\/\/www.hotelsunflower.it\/es\/servicios\/bar\/#primaryimage"},"thumbnailUrl":"https:\/\/www.hotelsunflower.it\/wp-content\/uploads\/sites\/315\/2024\/02\/Sunflower-9-1.jpg","datePublished":"2021-11-19T13:17:24+00:00","description":"Abierto durante todo el d\u00eda y muy apreciado y frecuentado por nuestros hu\u00e9spedes, el bar es el lugar de encuentro donde comenzar el d\u00eda tomando un caf\u00e9 con los compa\u00f1eros, planificar la visita al centro de la ciudad con los amigos u organizar la salida al concierto o a San Siro mientras disfruta de una bebida o refrigerio. En el bar dispondr\u00e1 siempre de caf\u00e9, bebidas y aperitivos, adem\u00e1s de la happy hour, una vez a la semana, con el tradicional aperitivo milan\u00e9s que ofrece el Hotel Sunflower.","breadcrumb":{"@id":"https:\/\/www.hotelsunflower.it\/es\/servicios\/bar\/#breadcrumb"},"inLanguage":"es","potentialAction":[{"@type":"ReadAction","target":["https:\/\/www.hotelsunflower.it\/es\/servicios\/bar\/"]}]},{"@type":"ImageObject","inLanguage":"es","@id":"https:\/\/www.hotelsunflower.it\/es\/servicios\/bar\/#primaryimage","url":"https:\/\/www.hotelsunflower.it\/wp-content\/uploads\/sites\/315\/2024\/02\/Sunflower-9-1.jpg","contentUrl":"https:\/\/www.hotelsunflower.it\/wp-content\/uploads\/sites\/315\/2024\/02\/Sunflower-9-1.jpg","width":1800,"height":1200},{"@type":"BreadcrumbList","@id":"https:\/\/www.hotelsunflower.it\/es\/servicios\/bar\/#breadcrumb","itemListElement":[{"@type":"ListItem","position":1,"name":"Home","item":"https:\/\/www.hotelsunflower.it\/es\/"},{"@type":"ListItem","position":2,"name":"Servicios","item":"https:\/\/www.hotelsunflower.it\/es\/servicios\/"},{"@type":"ListItem","position":3,"name":"Bar"}]},{"@type":"WebSite","@id":"https:\/\/www.hotelsunflower.it\/es\/#website","url":"https:\/\/www.hotelsunflower.it\/es\/","name":"Hotel Sunflower","description":"Ecco un altro sito ms.decms.eu","potentialAction":[{"@type":"SearchAction","target":{"@type":"EntryPoint","urlTemplate":"https:\/\/www.hotelsunflower.it\/es\/?s={search_term_string}"},"query-input":{"@type":"PropertyValueSpecification","valueRequired":true,"valueName":"search_term_string"}}],"inLanguage":"es"}]}},"acf":[],"_links":{"self":[{"href":"https:\/\/www.hotelsunflower.it\/es\/wp-json\/wp\/v2\/pages\/1121","targetHints":{"allow":["GET"]}}],"collection":[{"href":"https:\/\/www.hotelsunflower.it\/es\/wp-json\/wp\/v2\/pages"}],"about":[{"href":"https:\/\/www.hotelsunflower.it\/es\/wp-json\/wp\/v2\/types\/page"}],"author":[{"embeddable":true,"href":"https:\/\/www.hotelsunflower.it\/es\/wp-json\/wp\/v2\/users\/13"}],"replies":[{"embeddable":true,"href":"https:\/\/www.hotelsunflower.it\/es\/wp-json\/wp\/v2\/comments?post=1121"}],"version-history":[{"count":0,"href":"https:\/\/www.hotelsunflower.it\/es\/wp-json\/wp\/v2\/pages\/1121\/revisions"}],"up":[{"embeddable":true,"href":"https:\/\/www.hotelsunflower.it\/es\/wp-json\/wp\/v2\/pages\/1116"}],"wp:featuredmedia":[{"embeddable":true,"href":"https:\/\/www.hotelsunflower.it\/es\/wp-json\/wp\/v2\/media\/1504"}],"wp:attachment":[{"href":"https:\/\/www.hotelsunflower.it\/es\/wp-json\/wp\/v2\/media?parent=1121"}],"curies":[{"name":"wp","href":"https:\/\/api.w.org\/{rel}","templated":true}]}}