{"id":1124,"date":"2021-11-19T14:19:33","date_gmt":"2021-11-19T13:19:33","guid":{"rendered":"https:\/\/hotelsunflower.ms.decms.eu\/?page_id=1124"},"modified":"2021-11-19T14:19:33","modified_gmt":"2021-11-19T13:19:33","slug":"espacio-para-eventos","status":"publish","type":"page","link":"https:\/\/www.hotelsunflower.it\/es\/espacio-para-eventos\/","title":{"rendered":"Espacio para eventos"},"content":{"rendered":"<p>Una fiesta de empresa, actividades de construcci\u00f3n de equipos, la presentaci\u00f3n de un libro, un desfile de moda, el lanzamiento de un producto: gracias a la combinaci\u00f3n de salas de conferencias, servicio de <em>catering<\/em>, bistr\u00f3, jard\u00edn y garaje privado, el Hotel Sunflower es el espacio elegante y funcional de Mil\u00e1n en el que organizar eventos de empresa y motivacionales.<\/p>\n<p>No solo negocios. En el Hotel Sunflower puede organizar con \u00e9xito su evento privado: la ceremonia de graduaci\u00f3n, un cumplea\u00f1os, un aniversario o cualquier otra celebraci\u00f3n en compa\u00f1\u00eda de sus seres queridos.<\/p>\n<p>Tendr\u00e1 a sus disposici\u00f3n el bar, el bistr\u00f3 y tambi\u00e9n el jard\u00edn en verano, donde podr\u00e1 recibir a sus invitados y compartir el placer de reunirse. Nuestro personal para Conferencias y Eventos estar\u00e1 siempre a su disposici\u00f3n para cuidar hasta el m\u00e1s m\u00ednimo detalle y que su evento resulte perfecto.<\/p>\n<p>Ll\u00e1menos por tel\u00e9fono o escr\u00edbanos a <a href=\"mailto:info@hotelsunflower.it\"><strong>info@hotelsunflower.it<\/strong><\/a> y cu\u00e9ntenos su idea, trabajaremos en la mejor propuesta para satisfacer su petici\u00f3n.<\/p>\n","protected":false},"excerpt":{"rendered":"<p>Una fiesta de empresa, actividades de construcci\u00f3n de equipos, la presentaci\u00f3n de un libro, un [&hellip;]<\/p>\n","protected":false},"author":13,"featured_media":0,"parent":0,"menu_order":40,"comment_status":"closed","ping_status":"closed","template":"","meta":{"footnotes":""},"class_list":["post-1124","page","type-page","status-publish","hentry"],"yoast_head":"<!-- This site is optimized with the Yoast SEO plugin v26.9 - https:\/\/yoast.com\/product\/yoast-seo-wordpress\/ -->\n<title>Espacio para eventos &#8226; Hotel Sunflower &#8226;<\/title>\n<meta name=\"description\" content=\"Una fiesta de empresa, actividades de construcci\u00f3n de equipos, la presentaci\u00f3n de un libro, un desfile de moda, el lanzamiento de un producto: gracias a la combinaci\u00f3n de salas de conferencias, servicio de catering, bistr\u00f3, jard\u00edn y garaje privado, el Hotel Sunflower es el espacio elegante y funcional de Mil\u00e1n en el que organizar eventos de empresa y motivacionales.  No solo negocios. En el Hotel Sunflower puede organizar con \u00e9xito su evento privado: la ceremonia de graduaci\u00f3n, un cumplea\u00f1os, un aniversario o cualquier otra celebraci\u00f3n en compa\u00f1\u00eda de sus seres queridos.  Tendr\u00e1 a sus disposici\u00f3n el bar, el bistr\u00f3 y tambi\u00e9n el jard\u00edn en verano, donde podr\u00e1 recibir a sus invitados y compartir el placer de reunirse\" \/>\n<meta name=\"robots\" content=\"index, follow, max-snippet:-1, max-image-preview:large, max-video-preview:-1\" \/>\n<link rel=\"canonical\" href=\"https:\/\/www.hotelsunflower.it\/es\/espacio-para-eventos\/\" \/>\n<meta property=\"og:locale\" content=\"es_ES\" \/>\n<meta property=\"og:type\" content=\"article\" \/>\n<meta property=\"og:title\" content=\"Espacio para eventos &#8226; Hotel Sunflower &#8226;\" \/>\n<meta property=\"og:description\" content=\"Una fiesta de empresa, actividades de construcci\u00f3n de equipos, la presentaci\u00f3n de un libro, un desfile de moda, el lanzamiento de un producto: gracias a la combinaci\u00f3n de salas de conferencias, servicio de catering, bistr\u00f3, jard\u00edn y garaje privado, el Hotel Sunflower es el espacio elegante y funcional de Mil\u00e1n en el que organizar eventos de empresa y motivacionales.  No solo negocios. En el Hotel Sunflower puede organizar con \u00e9xito su evento privado: la ceremonia de graduaci\u00f3n, un cumplea\u00f1os, un aniversario o cualquier otra celebraci\u00f3n en compa\u00f1\u00eda de sus seres queridos.  Tendr\u00e1 a sus disposici\u00f3n el bar, el bistr\u00f3 y tambi\u00e9n el jard\u00edn en verano, donde podr\u00e1 recibir a sus invitados y compartir el placer de reunirse\" \/>\n<meta property=\"og:url\" content=\"https:\/\/www.hotelsunflower.it\/es\/espacio-para-eventos\/\" \/>\n<meta property=\"og:site_name\" content=\"Hotel Sunflower\" \/>\n<meta name=\"twitter:card\" content=\"summary_large_image\" \/>\n<meta name=\"twitter:label1\" content=\"Tiempo de lectura\" \/>\n\t<meta name=\"twitter:data1\" content=\"1 minuto\" \/>\n<script type=\"application\/ld+json\" class=\"yoast-schema-graph\">{\"@context\":\"https:\/\/schema.org\",\"@graph\":[{\"@type\":\"WebPage\",\"@id\":\"https:\/\/www.hotelsunflower.it\/es\/espacio-para-eventos\/\",\"url\":\"https:\/\/www.hotelsunflower.it\/es\/espacio-para-eventos\/\",\"name\":\"Espacio para eventos &#8226; Hotel Sunflower &#8226;\",\"isPartOf\":{\"@id\":\"https:\/\/www.hotelsunflower.it\/es\/#website\"},\"datePublished\":\"2021-11-19T13:19:33+00:00\",\"description\":\"Una fiesta de empresa, actividades de construcci\u00f3n de equipos, la presentaci\u00f3n de un libro, un desfile de moda, el lanzamiento de un producto: gracias a la combinaci\u00f3n de salas de conferencias, servicio de catering, bistr\u00f3, jard\u00edn y garaje privado, el Hotel Sunflower es el espacio elegante y funcional de Mil\u00e1n en el que organizar eventos de empresa y motivacionales. No solo negocios. En el Hotel Sunflower puede organizar con \u00e9xito su evento privado: la ceremonia de graduaci\u00f3n, un cumplea\u00f1os, un aniversario o cualquier otra celebraci\u00f3n en compa\u00f1\u00eda de sus seres queridos. Tendr\u00e1 a sus disposici\u00f3n el bar, el bistr\u00f3 y tambi\u00e9n el jard\u00edn en verano, donde podr\u00e1 recibir a sus invitados y compartir el placer de reunirse\",\"breadcrumb\":{\"@id\":\"https:\/\/www.hotelsunflower.it\/es\/espacio-para-eventos\/#breadcrumb\"},\"inLanguage\":\"es\",\"potentialAction\":[{\"@type\":\"ReadAction\",\"target\":[\"https:\/\/www.hotelsunflower.it\/es\/espacio-para-eventos\/\"]}]},{\"@type\":\"BreadcrumbList\",\"@id\":\"https:\/\/www.hotelsunflower.it\/es\/espacio-para-eventos\/#breadcrumb\",\"itemListElement\":[{\"@type\":\"ListItem\",\"position\":1,\"name\":\"Home\",\"item\":\"https:\/\/www.hotelsunflower.it\/es\/\"},{\"@type\":\"ListItem\",\"position\":2,\"name\":\"Espacio para eventos\"}]},{\"@type\":\"WebSite\",\"@id\":\"https:\/\/www.hotelsunflower.it\/es\/#website\",\"url\":\"https:\/\/www.hotelsunflower.it\/es\/\",\"name\":\"Hotel Sunflower\",\"description\":\"Ecco un altro sito ms.decms.eu\",\"potentialAction\":[{\"@type\":\"SearchAction\",\"target\":{\"@type\":\"EntryPoint\",\"urlTemplate\":\"https:\/\/www.hotelsunflower.it\/es\/?s={search_term_string}\"},\"query-input\":{\"@type\":\"PropertyValueSpecification\",\"valueRequired\":true,\"valueName\":\"search_term_string\"}}],\"inLanguage\":\"es\"}]}<\/script>\n<!-- \/ Yoast SEO plugin. -->","yoast_head_json":{"title":"Espacio para eventos &#8226; Hotel Sunflower &#8226;","description":"Una fiesta de empresa, actividades de construcci\u00f3n de equipos, la presentaci\u00f3n de un libro, un desfile de moda, el lanzamiento de un producto: gracias a la combinaci\u00f3n de salas de conferencias, servicio de catering, bistr\u00f3, jard\u00edn y garaje privado, el Hotel Sunflower es el espacio elegante y funcional de Mil\u00e1n en el que organizar eventos de empresa y motivacionales.  No solo negocios. En el Hotel Sunflower puede organizar con \u00e9xito su evento privado: la ceremonia de graduaci\u00f3n, un cumplea\u00f1os, un aniversario o cualquier otra celebraci\u00f3n en compa\u00f1\u00eda de sus seres queridos.  Tendr\u00e1 a sus disposici\u00f3n el bar, el bistr\u00f3 y tambi\u00e9n el jard\u00edn en verano, donde podr\u00e1 recibir a sus invitados y compartir el placer de reunirse","robots":{"index":"index","follow":"follow","max-snippet":"max-snippet:-1","max-image-preview":"max-image-preview:large","max-video-preview":"max-video-preview:-1"},"canonical":"https:\/\/www.hotelsunflower.it\/es\/espacio-para-eventos\/","og_locale":"es_ES","og_type":"article","og_title":"Espacio para eventos &#8226; Hotel Sunflower &#8226;","og_description":"Una fiesta de empresa, actividades de construcci\u00f3n de equipos, la presentaci\u00f3n de un libro, un desfile de moda, el lanzamiento de un producto: gracias a la combinaci\u00f3n de salas de conferencias, servicio de catering, bistr\u00f3, jard\u00edn y garaje privado, el Hotel Sunflower es el espacio elegante y funcional de Mil\u00e1n en el que organizar eventos de empresa y motivacionales.  No solo negocios. En el Hotel Sunflower puede organizar con \u00e9xito su evento privado: la ceremonia de graduaci\u00f3n, un cumplea\u00f1os, un aniversario o cualquier otra celebraci\u00f3n en compa\u00f1\u00eda de sus seres queridos.  Tendr\u00e1 a sus disposici\u00f3n el bar, el bistr\u00f3 y tambi\u00e9n el jard\u00edn en verano, donde podr\u00e1 recibir a sus invitados y compartir el placer de reunirse","og_url":"https:\/\/www.hotelsunflower.it\/es\/espacio-para-eventos\/","og_site_name":"Hotel Sunflower","twitter_card":"summary_large_image","twitter_misc":{"Tiempo de lectura":"1 minuto"},"schema":{"@context":"https:\/\/schema.org","@graph":[{"@type":"WebPage","@id":"https:\/\/www.hotelsunflower.it\/es\/espacio-para-eventos\/","url":"https:\/\/www.hotelsunflower.it\/es\/espacio-para-eventos\/","name":"Espacio para eventos &#8226; Hotel Sunflower &#8226;","isPartOf":{"@id":"https:\/\/www.hotelsunflower.it\/es\/#website"},"datePublished":"2021-11-19T13:19:33+00:00","description":"Una fiesta de empresa, actividades de construcci\u00f3n de equipos, la presentaci\u00f3n de un libro, un desfile de moda, el lanzamiento de un producto: gracias a la combinaci\u00f3n de salas de conferencias, servicio de catering, bistr\u00f3, jard\u00edn y garaje privado, el Hotel Sunflower es el espacio elegante y funcional de Mil\u00e1n en el que organizar eventos de empresa y motivacionales. No solo negocios. En el Hotel Sunflower puede organizar con \u00e9xito su evento privado: la ceremonia de graduaci\u00f3n, un cumplea\u00f1os, un aniversario o cualquier otra celebraci\u00f3n en compa\u00f1\u00eda de sus seres queridos. Tendr\u00e1 a sus disposici\u00f3n el bar, el bistr\u00f3 y tambi\u00e9n el jard\u00edn en verano, donde podr\u00e1 recibir a sus invitados y compartir el placer de reunirse","breadcrumb":{"@id":"https:\/\/www.hotelsunflower.it\/es\/espacio-para-eventos\/#breadcrumb"},"inLanguage":"es","potentialAction":[{"@type":"ReadAction","target":["https:\/\/www.hotelsunflower.it\/es\/espacio-para-eventos\/"]}]},{"@type":"BreadcrumbList","@id":"https:\/\/www.hotelsunflower.it\/es\/espacio-para-eventos\/#breadcrumb","itemListElement":[{"@type":"ListItem","position":1,"name":"Home","item":"https:\/\/www.hotelsunflower.it\/es\/"},{"@type":"ListItem","position":2,"name":"Espacio para eventos"}]},{"@type":"WebSite","@id":"https:\/\/www.hotelsunflower.it\/es\/#website","url":"https:\/\/www.hotelsunflower.it\/es\/","name":"Hotel Sunflower","description":"Ecco un altro sito ms.decms.eu","potentialAction":[{"@type":"SearchAction","target":{"@type":"EntryPoint","urlTemplate":"https:\/\/www.hotelsunflower.it\/es\/?s={search_term_string}"},"query-input":{"@type":"PropertyValueSpecification","valueRequired":true,"valueName":"search_term_string"}}],"inLanguage":"es"}]}},"acf":[],"_links":{"self":[{"href":"https:\/\/www.hotelsunflower.it\/es\/wp-json\/wp\/v2\/pages\/1124","targetHints":{"allow":["GET"]}}],"collection":[{"href":"https:\/\/www.hotelsunflower.it\/es\/wp-json\/wp\/v2\/pages"}],"about":[{"href":"https:\/\/www.hotelsunflower.it\/es\/wp-json\/wp\/v2\/types\/page"}],"author":[{"embeddable":true,"href":"https:\/\/www.hotelsunflower.it\/es\/wp-json\/wp\/v2\/users\/13"}],"replies":[{"embeddable":true,"href":"https:\/\/www.hotelsunflower.it\/es\/wp-json\/wp\/v2\/comments?post=1124"}],"version-history":[{"count":0,"href":"https:\/\/www.hotelsunflower.it\/es\/wp-json\/wp\/v2\/pages\/1124\/revisions"}],"wp:attachment":[{"href":"https:\/\/www.hotelsunflower.it\/es\/wp-json\/wp\/v2\/media?parent=1124"}],"curies":[{"name":"wp","href":"https:\/\/api.w.org\/{rel}","templated":true}]}}