{"id":1126,"date":"2021-11-19T14:39:49","date_gmt":"2021-11-19T13:39:49","guid":{"rendered":"https:\/\/hotelsunflower.ms.decms.eu\/?page_id=1126"},"modified":"2021-11-19T14:39:49","modified_gmt":"2021-11-19T13:39:49","slug":"como-llegar","status":"publish","type":"page","link":"https:\/\/www.hotelsunflower.it\/es\/donde-estamos\/como-llegar\/","title":{"rendered":"C\u00f3mo llegar"},"content":{"rendered":"<p>Para llegar al Hotel Sunflower desde la Estaci\u00f3n Central y desde los aeropuertos de Malpensa y Linate, puede utilizar el eficiente transporte p\u00fablico de la ciudad: las conexiones de tren, metro y autob\u00fas le permitir\u00e1n llegar f\u00e1cilmente al hotel. Si prefiere el transporte privado, ll\u00e1menos para reservar nuestro servicio de transporte de pago que le recoger\u00e1 donde lo necesite.<\/p>\n<p>&nbsp;<\/p>\n<p style=\"text-align: center;\"><strong>En el Hotel Sunflower, Mil\u00e1n est\u00e1 a su alrededor.<\/strong><\/p>\n<table>\n<tbody>\n<tr>\n<th>Fiera Milano City, 3 km<\/th>\n<th>Fiera Milano Rho, 10 km<\/th>\n<th>Polit\u00e9cnico Bovisa, 3 km<\/th>\n<\/tr>\n<tr>\n<th>Estadio San Siro, 5 km<\/th>\n<th>Aeropuerto de Malpensa, 45 km<\/th>\n<th>Aeropuerto de Linate, 13 km<\/th>\n<\/tr>\n<tr>\n<th style=\"text-align: center;\">Estaci\u00f3n Central, 6 km<\/th>\n<th style=\"text-align: center;\">Catedral, 8 km<\/th>\n<th style=\"text-align: center;\">La \u00daltima Cena, 5 km<\/th>\n<\/tr>\n<\/tbody>\n<\/table>\n","protected":false},"excerpt":{"rendered":"<p>Para llegar al Hotel Sunflower desde la Estaci\u00f3n Central y desde los aeropuertos de Malpensa [&hellip;]<\/p>\n","protected":false},"author":13,"featured_media":966,"parent":1125,"menu_order":10,"comment_status":"closed","ping_status":"closed","template":"","meta":{"footnotes":""},"class_list":["post-1126","page","type-page","status-publish","has-post-thumbnail","hentry"],"yoast_head":"<!-- This site is optimized with the Yoast SEO plugin v26.9 - https:\/\/yoast.com\/product\/yoast-seo-wordpress\/ -->\n<title>C\u00f3mo llegar &#8226; Hotel Sunflower &#8226;<\/title>\n<meta name=\"description\" content=\"Para llegar al Hotel Sunflower desde la Estaci\u00f3n Central y desde los aeropuertos de Malpensa y Linate, puede utilizar el eficiente transporte p\u00fablico de la ciudad: las conexiones de tren, metro y autob\u00fas le permitir\u00e1n llegar f\u00e1cilmente al hotel. Si prefiere el transporte privado, ll\u00e1menos para reservar nuestro servicio de transporte de pago que le recoger\u00e1 donde lo necesite.  &nbsp; En el Hotel Sunflower, Mil\u00e1n est\u00e1 a su alrededor.     Fiera Milano City, 3 km Fiera Milano Rho, 10 km Polit\u00e9cnico Bovisa, 3 km   Estadio San Siro, 5 km Aeropuerto de Malpensa, 45 km Aeropuerto de Linate, 13 km   Estaci\u00f3n Central, 6 km Catedral, 8 km La \u00daltima Cena, 5 km\" \/>\n<meta name=\"robots\" content=\"index, follow, max-snippet:-1, max-image-preview:large, max-video-preview:-1\" \/>\n<link rel=\"canonical\" href=\"https:\/\/www.hotelsunflower.it\/es\/donde-estamos\/como-llegar\/\" \/>\n<meta property=\"og:locale\" content=\"es_ES\" \/>\n<meta property=\"og:type\" content=\"article\" \/>\n<meta property=\"og:title\" content=\"C\u00f3mo llegar &#8226; Hotel Sunflower &#8226;\" \/>\n<meta property=\"og:description\" content=\"Para llegar al Hotel Sunflower desde la Estaci\u00f3n Central y desde los aeropuertos de Malpensa y Linate, puede utilizar el eficiente transporte p\u00fablico de la ciudad: las conexiones de tren, metro y autob\u00fas le permitir\u00e1n llegar f\u00e1cilmente al hotel. Si prefiere el transporte privado, ll\u00e1menos para reservar nuestro servicio de transporte de pago que le recoger\u00e1 donde lo necesite.  &nbsp; En el Hotel Sunflower, Mil\u00e1n est\u00e1 a su alrededor.     Fiera Milano City, 3 km Fiera Milano Rho, 10 km Polit\u00e9cnico Bovisa, 3 km   Estadio San Siro, 5 km Aeropuerto de Malpensa, 45 km Aeropuerto de Linate, 13 km   Estaci\u00f3n Central, 6 km Catedral, 8 km La \u00daltima Cena, 5 km\" \/>\n<meta property=\"og:url\" content=\"https:\/\/www.hotelsunflower.it\/es\/donde-estamos\/como-llegar\/\" \/>\n<meta property=\"og:site_name\" content=\"Hotel Sunflower\" \/>\n<meta property=\"og:image\" content=\"https:\/\/www.hotelsunflower.it\/wp-content\/uploads\/sites\/315\/2021\/11\/hotel_sunflower_gallery_hotel_06.jpg\" \/>\n\t<meta property=\"og:image:width\" content=\"1200\" \/>\n\t<meta property=\"og:image:height\" content=\"800\" \/>\n\t<meta property=\"og:image:type\" content=\"image\/jpeg\" \/>\n<meta name=\"twitter:card\" content=\"summary_large_image\" \/>\n<meta name=\"twitter:label1\" content=\"Tiempo de lectura\" \/>\n\t<meta name=\"twitter:data1\" content=\"1 minuto\" \/>\n<script type=\"application\/ld+json\" class=\"yoast-schema-graph\">{\"@context\":\"https:\/\/schema.org\",\"@graph\":[{\"@type\":\"WebPage\",\"@id\":\"https:\/\/www.hotelsunflower.it\/es\/donde-estamos\/como-llegar\/\",\"url\":\"https:\/\/www.hotelsunflower.it\/es\/donde-estamos\/como-llegar\/\",\"name\":\"C\u00f3mo llegar &#8226; Hotel Sunflower &#8226;\",\"isPartOf\":{\"@id\":\"https:\/\/www.hotelsunflower.it\/es\/#website\"},\"primaryImageOfPage\":{\"@id\":\"https:\/\/www.hotelsunflower.it\/es\/donde-estamos\/como-llegar\/#primaryimage\"},\"image\":{\"@id\":\"https:\/\/www.hotelsunflower.it\/es\/donde-estamos\/como-llegar\/#primaryimage\"},\"thumbnailUrl\":\"https:\/\/www.hotelsunflower.it\/wp-content\/uploads\/sites\/315\/2021\/11\/hotel_sunflower_gallery_hotel_06.jpg\",\"datePublished\":\"2021-11-19T13:39:49+00:00\",\"description\":\"Para llegar al Hotel Sunflower desde la Estaci\u00f3n Central y desde los aeropuertos de Malpensa y Linate, puede utilizar el eficiente transporte p\u00fablico de la ciudad: las conexiones de tren, metro y autob\u00fas le permitir\u00e1n llegar f\u00e1cilmente al hotel. Si prefiere el transporte privado, ll\u00e1menos para reservar nuestro servicio de transporte de pago que le recoger\u00e1 donde lo necesite. &nbsp; En el Hotel Sunflower, Mil\u00e1n est\u00e1 a su alrededor. Fiera Milano City, 3 km Fiera Milano Rho, 10 km Polit\u00e9cnico Bovisa, 3 km Estadio San Siro, 5 km Aeropuerto de Malpensa, 45 km Aeropuerto de Linate, 13 km Estaci\u00f3n Central, 6 km Catedral, 8 km La \u00daltima Cena, 5 km\",\"breadcrumb\":{\"@id\":\"https:\/\/www.hotelsunflower.it\/es\/donde-estamos\/como-llegar\/#breadcrumb\"},\"inLanguage\":\"es\",\"potentialAction\":[{\"@type\":\"ReadAction\",\"target\":[\"https:\/\/www.hotelsunflower.it\/es\/donde-estamos\/como-llegar\/\"]}]},{\"@type\":\"ImageObject\",\"inLanguage\":\"es\",\"@id\":\"https:\/\/www.hotelsunflower.it\/es\/donde-estamos\/como-llegar\/#primaryimage\",\"url\":\"https:\/\/www.hotelsunflower.it\/wp-content\/uploads\/sites\/315\/2021\/11\/hotel_sunflower_gallery_hotel_06.jpg\",\"contentUrl\":\"https:\/\/www.hotelsunflower.it\/wp-content\/uploads\/sites\/315\/2021\/11\/hotel_sunflower_gallery_hotel_06.jpg\",\"width\":1200,\"height\":800},{\"@type\":\"BreadcrumbList\",\"@id\":\"https:\/\/www.hotelsunflower.it\/es\/donde-estamos\/como-llegar\/#breadcrumb\",\"itemListElement\":[{\"@type\":\"ListItem\",\"position\":1,\"name\":\"Home\",\"item\":\"https:\/\/www.hotelsunflower.it\/es\/\"},{\"@type\":\"ListItem\",\"position\":2,\"name\":\"D\u00f3nde Estamos\",\"item\":\"https:\/\/www.hotelsunflower.it\/es\/donde-estamos\/\"},{\"@type\":\"ListItem\",\"position\":3,\"name\":\"C\u00f3mo llegar\"}]},{\"@type\":\"WebSite\",\"@id\":\"https:\/\/www.hotelsunflower.it\/es\/#website\",\"url\":\"https:\/\/www.hotelsunflower.it\/es\/\",\"name\":\"Hotel Sunflower\",\"description\":\"Ecco un altro sito ms.decms.eu\",\"potentialAction\":[{\"@type\":\"SearchAction\",\"target\":{\"@type\":\"EntryPoint\",\"urlTemplate\":\"https:\/\/www.hotelsunflower.it\/es\/?s={search_term_string}\"},\"query-input\":{\"@type\":\"PropertyValueSpecification\",\"valueRequired\":true,\"valueName\":\"search_term_string\"}}],\"inLanguage\":\"es\"}]}<\/script>\n<!-- \/ Yoast SEO plugin. -->","yoast_head_json":{"title":"C\u00f3mo llegar &#8226; Hotel Sunflower &#8226;","description":"Para llegar al Hotel Sunflower desde la Estaci\u00f3n Central y desde los aeropuertos de Malpensa y Linate, puede utilizar el eficiente transporte p\u00fablico de la ciudad: las conexiones de tren, metro y autob\u00fas le permitir\u00e1n llegar f\u00e1cilmente al hotel. Si prefiere el transporte privado, ll\u00e1menos para reservar nuestro servicio de transporte de pago que le recoger\u00e1 donde lo necesite.  &nbsp; En el Hotel Sunflower, Mil\u00e1n est\u00e1 a su alrededor.     Fiera Milano City, 3 km Fiera Milano Rho, 10 km Polit\u00e9cnico Bovisa, 3 km   Estadio San Siro, 5 km Aeropuerto de Malpensa, 45 km Aeropuerto de Linate, 13 km   Estaci\u00f3n Central, 6 km Catedral, 8 km La \u00daltima Cena, 5 km","robots":{"index":"index","follow":"follow","max-snippet":"max-snippet:-1","max-image-preview":"max-image-preview:large","max-video-preview":"max-video-preview:-1"},"canonical":"https:\/\/www.hotelsunflower.it\/es\/donde-estamos\/como-llegar\/","og_locale":"es_ES","og_type":"article","og_title":"C\u00f3mo llegar &#8226; Hotel Sunflower &#8226;","og_description":"Para llegar al Hotel Sunflower desde la Estaci\u00f3n Central y desde los aeropuertos de Malpensa y Linate, puede utilizar el eficiente transporte p\u00fablico de la ciudad: las conexiones de tren, metro y autob\u00fas le permitir\u00e1n llegar f\u00e1cilmente al hotel. Si prefiere el transporte privado, ll\u00e1menos para reservar nuestro servicio de transporte de pago que le recoger\u00e1 donde lo necesite.  &nbsp; En el Hotel Sunflower, Mil\u00e1n est\u00e1 a su alrededor.     Fiera Milano City, 3 km Fiera Milano Rho, 10 km Polit\u00e9cnico Bovisa, 3 km   Estadio San Siro, 5 km Aeropuerto de Malpensa, 45 km Aeropuerto de Linate, 13 km   Estaci\u00f3n Central, 6 km Catedral, 8 km La \u00daltima Cena, 5 km","og_url":"https:\/\/www.hotelsunflower.it\/es\/donde-estamos\/como-llegar\/","og_site_name":"Hotel Sunflower","og_image":[{"width":1200,"height":800,"url":"https:\/\/www.hotelsunflower.it\/wp-content\/uploads\/sites\/315\/2021\/11\/hotel_sunflower_gallery_hotel_06.jpg","type":"image\/jpeg"}],"twitter_card":"summary_large_image","twitter_misc":{"Tiempo de lectura":"1 minuto"},"schema":{"@context":"https:\/\/schema.org","@graph":[{"@type":"WebPage","@id":"https:\/\/www.hotelsunflower.it\/es\/donde-estamos\/como-llegar\/","url":"https:\/\/www.hotelsunflower.it\/es\/donde-estamos\/como-llegar\/","name":"C\u00f3mo llegar &#8226; Hotel Sunflower &#8226;","isPartOf":{"@id":"https:\/\/www.hotelsunflower.it\/es\/#website"},"primaryImageOfPage":{"@id":"https:\/\/www.hotelsunflower.it\/es\/donde-estamos\/como-llegar\/#primaryimage"},"image":{"@id":"https:\/\/www.hotelsunflower.it\/es\/donde-estamos\/como-llegar\/#primaryimage"},"thumbnailUrl":"https:\/\/www.hotelsunflower.it\/wp-content\/uploads\/sites\/315\/2021\/11\/hotel_sunflower_gallery_hotel_06.jpg","datePublished":"2021-11-19T13:39:49+00:00","description":"Para llegar al Hotel Sunflower desde la Estaci\u00f3n Central y desde los aeropuertos de Malpensa y Linate, puede utilizar el eficiente transporte p\u00fablico de la ciudad: las conexiones de tren, metro y autob\u00fas le permitir\u00e1n llegar f\u00e1cilmente al hotel. Si prefiere el transporte privado, ll\u00e1menos para reservar nuestro servicio de transporte de pago que le recoger\u00e1 donde lo necesite. &nbsp; En el Hotel Sunflower, Mil\u00e1n est\u00e1 a su alrededor. Fiera Milano City, 3 km Fiera Milano Rho, 10 km Polit\u00e9cnico Bovisa, 3 km Estadio San Siro, 5 km Aeropuerto de Malpensa, 45 km Aeropuerto de Linate, 13 km Estaci\u00f3n Central, 6 km Catedral, 8 km La \u00daltima Cena, 5 km","breadcrumb":{"@id":"https:\/\/www.hotelsunflower.it\/es\/donde-estamos\/como-llegar\/#breadcrumb"},"inLanguage":"es","potentialAction":[{"@type":"ReadAction","target":["https:\/\/www.hotelsunflower.it\/es\/donde-estamos\/como-llegar\/"]}]},{"@type":"ImageObject","inLanguage":"es","@id":"https:\/\/www.hotelsunflower.it\/es\/donde-estamos\/como-llegar\/#primaryimage","url":"https:\/\/www.hotelsunflower.it\/wp-content\/uploads\/sites\/315\/2021\/11\/hotel_sunflower_gallery_hotel_06.jpg","contentUrl":"https:\/\/www.hotelsunflower.it\/wp-content\/uploads\/sites\/315\/2021\/11\/hotel_sunflower_gallery_hotel_06.jpg","width":1200,"height":800},{"@type":"BreadcrumbList","@id":"https:\/\/www.hotelsunflower.it\/es\/donde-estamos\/como-llegar\/#breadcrumb","itemListElement":[{"@type":"ListItem","position":1,"name":"Home","item":"https:\/\/www.hotelsunflower.it\/es\/"},{"@type":"ListItem","position":2,"name":"D\u00f3nde Estamos","item":"https:\/\/www.hotelsunflower.it\/es\/donde-estamos\/"},{"@type":"ListItem","position":3,"name":"C\u00f3mo llegar"}]},{"@type":"WebSite","@id":"https:\/\/www.hotelsunflower.it\/es\/#website","url":"https:\/\/www.hotelsunflower.it\/es\/","name":"Hotel Sunflower","description":"Ecco un altro sito ms.decms.eu","potentialAction":[{"@type":"SearchAction","target":{"@type":"EntryPoint","urlTemplate":"https:\/\/www.hotelsunflower.it\/es\/?s={search_term_string}"},"query-input":{"@type":"PropertyValueSpecification","valueRequired":true,"valueName":"search_term_string"}}],"inLanguage":"es"}]}},"acf":[],"_links":{"self":[{"href":"https:\/\/www.hotelsunflower.it\/es\/wp-json\/wp\/v2\/pages\/1126","targetHints":{"allow":["GET"]}}],"collection":[{"href":"https:\/\/www.hotelsunflower.it\/es\/wp-json\/wp\/v2\/pages"}],"about":[{"href":"https:\/\/www.hotelsunflower.it\/es\/wp-json\/wp\/v2\/types\/page"}],"author":[{"embeddable":true,"href":"https:\/\/www.hotelsunflower.it\/es\/wp-json\/wp\/v2\/users\/13"}],"replies":[{"embeddable":true,"href":"https:\/\/www.hotelsunflower.it\/es\/wp-json\/wp\/v2\/comments?post=1126"}],"version-history":[{"count":0,"href":"https:\/\/www.hotelsunflower.it\/es\/wp-json\/wp\/v2\/pages\/1126\/revisions"}],"up":[{"embeddable":true,"href":"https:\/\/www.hotelsunflower.it\/es\/wp-json\/wp\/v2\/pages\/1125"}],"wp:featuredmedia":[{"embeddable":true,"href":"https:\/\/www.hotelsunflower.it\/es\/wp-json\/wp\/v2\/media\/966"}],"wp:attachment":[{"href":"https:\/\/www.hotelsunflower.it\/es\/wp-json\/wp\/v2\/media?parent=1126"}],"curies":[{"name":"wp","href":"https:\/\/api.w.org\/{rel}","templated":true}]}}