{"id":1127,"date":"2021-11-19T14:40:59","date_gmt":"2021-11-19T13:40:59","guid":{"rendered":"https:\/\/hotelsunflower.ms.decms.eu\/?page_id=1127"},"modified":"2021-11-19T14:42:31","modified_gmt":"2021-11-19T13:42:31","slug":"contacto","status":"publish","type":"page","link":"https:\/\/www.hotelsunflower.it\/es\/contacto\/","title":{"rendered":"Contacto"},"content":{"rendered":"<p style=\"text-align: center;\"><strong>Hotel Sunflower<\/strong><\/p>\n<p style=\"text-align: center;\">Piazzale Lugano 10<br \/>\n20158, Mil\u00e1n, Italia<\/p>\n<p style=\"text-align: center;\">tel +39 02 3931 4071<br \/>\nfax +39 02 3932 0377<\/p>\n<p style=\"text-align: center;\">mail <a href=\"mailto:info@hotelsunflower.it\">info@hotelsunflower.it<\/a><\/p>\n<p>&nbsp;<\/p>\n<p>Nuestro personal encontrar\u00e1 siempre la mejor opci\u00f3n para sus necesidades.<\/p>\n<p>Si viaja con frecuencia por motivos laborales, podemos reservarle una tarifa personalizada, y si necesita quedarse en Mil\u00e1n por razones laborales o de estudios durante un largo periodo de tiempo, podemos ofrecerle tarifas especiales.<\/p>\n<p>No dude en contactar con nosotros tanto si desea organizar una reuni\u00f3n o un curso de formaci\u00f3n como si est\u00e1 pensando en celebrar una fiesta de empresa, una ceremonia de graduaci\u00f3n o un evento.<\/p>\n<p>Llame al +39 02 3931 4071 o escriba a info@hotelsunflower.it para recibir su oferta personalizada.<\/p>\n","protected":false},"excerpt":{"rendered":"<p>Hotel Sunflower Piazzale Lugano 10 20158, Mil\u00e1n, Italia tel +39 02 3931 4071 fax +39 [&hellip;]<\/p>\n","protected":false},"author":13,"featured_media":0,"parent":0,"menu_order":110,"comment_status":"closed","ping_status":"closed","template":"","meta":{"footnotes":""},"class_list":["post-1127","page","type-page","status-publish","hentry"],"yoast_head":"<!-- This site is optimized with the Yoast SEO plugin v26.9 - https:\/\/yoast.com\/product\/yoast-seo-wordpress\/ -->\n<title>Contacto &#8226; Hotel Sunflower &#8226;<\/title>\n<meta name=\"description\" content=\"Hotel Sunflower Piazzale Lugano 10 20158, Mil\u00e1n, Italia tel +39 02 3931 4071 fax +39 02 3932 0377 mail info@hotelsunflower.it &nbsp;  Nuestro personal encontrar\u00e1 siempre la mejor opci\u00f3n para sus necesidades.  Si viaja con frecuencia por motivos laborales, podemos reservarle una tarifa personalizada, y si necesita quedarse en Mil\u00e1n por razones laborales o de estudios durante un largo periodo de tiempo, podemos ofrecerle tarifas especiales.  No dude en contactar con nosotros tanto si desea organizar una reuni\u00f3n o un curso de formaci\u00f3n como si est\u00e1 pensando en celebrar una fiesta de empresa, una ceremonia de graduaci\u00f3n o un evento.  Llame al +39 02 3931 4071 o escriba a info@hotelsunflower.it para recibir su oferta personalizada..\" \/>\n<meta name=\"robots\" content=\"index, follow, max-snippet:-1, max-image-preview:large, max-video-preview:-1\" \/>\n<link rel=\"canonical\" href=\"https:\/\/www.hotelsunflower.it\/es\/contacto\/\" \/>\n<meta property=\"og:locale\" content=\"es_ES\" \/>\n<meta property=\"og:type\" content=\"article\" \/>\n<meta property=\"og:title\" content=\"Contacto &#8226; Hotel Sunflower &#8226;\" \/>\n<meta property=\"og:description\" content=\"Hotel Sunflower Piazzale Lugano 10 20158, Mil\u00e1n, Italia tel +39 02 3931 4071 fax +39 02 3932 0377 mail info@hotelsunflower.it &nbsp;  Nuestro personal encontrar\u00e1 siempre la mejor opci\u00f3n para sus necesidades.  Si viaja con frecuencia por motivos laborales, podemos reservarle una tarifa personalizada, y si necesita quedarse en Mil\u00e1n por razones laborales o de estudios durante un largo periodo de tiempo, podemos ofrecerle tarifas especiales.  No dude en contactar con nosotros tanto si desea organizar una reuni\u00f3n o un curso de formaci\u00f3n como si est\u00e1 pensando en celebrar una fiesta de empresa, una ceremonia de graduaci\u00f3n o un evento.  Llame al +39 02 3931 4071 o escriba a info@hotelsunflower.it para recibir su oferta personalizada..\" \/>\n<meta property=\"og:url\" content=\"https:\/\/www.hotelsunflower.it\/es\/contacto\/\" \/>\n<meta property=\"og:site_name\" content=\"Hotel Sunflower\" \/>\n<meta property=\"article:modified_time\" content=\"2021-11-19T13:42:31+00:00\" \/>\n<meta name=\"twitter:card\" content=\"summary_large_image\" \/>\n<meta name=\"twitter:label1\" content=\"Tiempo de lectura\" \/>\n\t<meta name=\"twitter:data1\" content=\"1 minuto\" \/>\n<script type=\"application\/ld+json\" class=\"yoast-schema-graph\">{\"@context\":\"https:\/\/schema.org\",\"@graph\":[{\"@type\":\"WebPage\",\"@id\":\"https:\/\/www.hotelsunflower.it\/es\/contacto\/\",\"url\":\"https:\/\/www.hotelsunflower.it\/es\/contacto\/\",\"name\":\"Contacto &#8226; Hotel Sunflower &#8226;\",\"isPartOf\":{\"@id\":\"https:\/\/www.hotelsunflower.it\/es\/#website\"},\"datePublished\":\"2021-11-19T13:40:59+00:00\",\"dateModified\":\"2021-11-19T13:42:31+00:00\",\"description\":\"Hotel Sunflower Piazzale Lugano 10 20158, Mil\u00e1n, Italia tel +39 02 3931 4071 fax +39 02 3932 0377 mail info@hotelsunflower.it &nbsp; Nuestro personal encontrar\u00e1 siempre la mejor opci\u00f3n para sus necesidades. Si viaja con frecuencia por motivos laborales, podemos reservarle una tarifa personalizada, y si necesita quedarse en Mil\u00e1n por razones laborales o de estudios durante un largo periodo de tiempo, podemos ofrecerle tarifas especiales. No dude en contactar con nosotros tanto si desea organizar una reuni\u00f3n o un curso de formaci\u00f3n como si est\u00e1 pensando en celebrar una fiesta de empresa, una ceremonia de graduaci\u00f3n o un evento. Llame al +39 02 3931 4071 o escriba a info@hotelsunflower.it para recibir su oferta personalizada..\",\"breadcrumb\":{\"@id\":\"https:\/\/www.hotelsunflower.it\/es\/contacto\/#breadcrumb\"},\"inLanguage\":\"es\",\"potentialAction\":[{\"@type\":\"ReadAction\",\"target\":[\"https:\/\/www.hotelsunflower.it\/es\/contacto\/\"]}]},{\"@type\":\"BreadcrumbList\",\"@id\":\"https:\/\/www.hotelsunflower.it\/es\/contacto\/#breadcrumb\",\"itemListElement\":[{\"@type\":\"ListItem\",\"position\":1,\"name\":\"Home\",\"item\":\"https:\/\/www.hotelsunflower.it\/es\/\"},{\"@type\":\"ListItem\",\"position\":2,\"name\":\"Contacto\"}]},{\"@type\":\"WebSite\",\"@id\":\"https:\/\/www.hotelsunflower.it\/es\/#website\",\"url\":\"https:\/\/www.hotelsunflower.it\/es\/\",\"name\":\"Hotel Sunflower\",\"description\":\"Ecco un altro sito ms.decms.eu\",\"potentialAction\":[{\"@type\":\"SearchAction\",\"target\":{\"@type\":\"EntryPoint\",\"urlTemplate\":\"https:\/\/www.hotelsunflower.it\/es\/?s={search_term_string}\"},\"query-input\":{\"@type\":\"PropertyValueSpecification\",\"valueRequired\":true,\"valueName\":\"search_term_string\"}}],\"inLanguage\":\"es\"}]}<\/script>\n<!-- \/ Yoast SEO plugin. -->","yoast_head_json":{"title":"Contacto &#8226; Hotel Sunflower &#8226;","description":"Hotel Sunflower Piazzale Lugano 10 20158, Mil\u00e1n, Italia tel +39 02 3931 4071 fax +39 02 3932 0377 mail info@hotelsunflower.it &nbsp;  Nuestro personal encontrar\u00e1 siempre la mejor opci\u00f3n para sus necesidades.  Si viaja con frecuencia por motivos laborales, podemos reservarle una tarifa personalizada, y si necesita quedarse en Mil\u00e1n por razones laborales o de estudios durante un largo periodo de tiempo, podemos ofrecerle tarifas especiales.  No dude en contactar con nosotros tanto si desea organizar una reuni\u00f3n o un curso de formaci\u00f3n como si est\u00e1 pensando en celebrar una fiesta de empresa, una ceremonia de graduaci\u00f3n o un evento.  Llame al +39 02 3931 4071 o escriba a info@hotelsunflower.it para recibir su oferta personalizada..","robots":{"index":"index","follow":"follow","max-snippet":"max-snippet:-1","max-image-preview":"max-image-preview:large","max-video-preview":"max-video-preview:-1"},"canonical":"https:\/\/www.hotelsunflower.it\/es\/contacto\/","og_locale":"es_ES","og_type":"article","og_title":"Contacto &#8226; Hotel Sunflower &#8226;","og_description":"Hotel Sunflower Piazzale Lugano 10 20158, Mil\u00e1n, Italia tel +39 02 3931 4071 fax +39 02 3932 0377 mail info@hotelsunflower.it &nbsp;  Nuestro personal encontrar\u00e1 siempre la mejor opci\u00f3n para sus necesidades.  Si viaja con frecuencia por motivos laborales, podemos reservarle una tarifa personalizada, y si necesita quedarse en Mil\u00e1n por razones laborales o de estudios durante un largo periodo de tiempo, podemos ofrecerle tarifas especiales.  No dude en contactar con nosotros tanto si desea organizar una reuni\u00f3n o un curso de formaci\u00f3n como si est\u00e1 pensando en celebrar una fiesta de empresa, una ceremonia de graduaci\u00f3n o un evento.  Llame al +39 02 3931 4071 o escriba a info@hotelsunflower.it para recibir su oferta personalizada..","og_url":"https:\/\/www.hotelsunflower.it\/es\/contacto\/","og_site_name":"Hotel Sunflower","article_modified_time":"2021-11-19T13:42:31+00:00","twitter_card":"summary_large_image","twitter_misc":{"Tiempo de lectura":"1 minuto"},"schema":{"@context":"https:\/\/schema.org","@graph":[{"@type":"WebPage","@id":"https:\/\/www.hotelsunflower.it\/es\/contacto\/","url":"https:\/\/www.hotelsunflower.it\/es\/contacto\/","name":"Contacto &#8226; Hotel Sunflower &#8226;","isPartOf":{"@id":"https:\/\/www.hotelsunflower.it\/es\/#website"},"datePublished":"2021-11-19T13:40:59+00:00","dateModified":"2021-11-19T13:42:31+00:00","description":"Hotel Sunflower Piazzale Lugano 10 20158, Mil\u00e1n, Italia tel +39 02 3931 4071 fax +39 02 3932 0377 mail info@hotelsunflower.it &nbsp; Nuestro personal encontrar\u00e1 siempre la mejor opci\u00f3n para sus necesidades. Si viaja con frecuencia por motivos laborales, podemos reservarle una tarifa personalizada, y si necesita quedarse en Mil\u00e1n por razones laborales o de estudios durante un largo periodo de tiempo, podemos ofrecerle tarifas especiales. No dude en contactar con nosotros tanto si desea organizar una reuni\u00f3n o un curso de formaci\u00f3n como si est\u00e1 pensando en celebrar una fiesta de empresa, una ceremonia de graduaci\u00f3n o un evento. Llame al +39 02 3931 4071 o escriba a info@hotelsunflower.it para recibir su oferta personalizada..","breadcrumb":{"@id":"https:\/\/www.hotelsunflower.it\/es\/contacto\/#breadcrumb"},"inLanguage":"es","potentialAction":[{"@type":"ReadAction","target":["https:\/\/www.hotelsunflower.it\/es\/contacto\/"]}]},{"@type":"BreadcrumbList","@id":"https:\/\/www.hotelsunflower.it\/es\/contacto\/#breadcrumb","itemListElement":[{"@type":"ListItem","position":1,"name":"Home","item":"https:\/\/www.hotelsunflower.it\/es\/"},{"@type":"ListItem","position":2,"name":"Contacto"}]},{"@type":"WebSite","@id":"https:\/\/www.hotelsunflower.it\/es\/#website","url":"https:\/\/www.hotelsunflower.it\/es\/","name":"Hotel Sunflower","description":"Ecco un altro sito ms.decms.eu","potentialAction":[{"@type":"SearchAction","target":{"@type":"EntryPoint","urlTemplate":"https:\/\/www.hotelsunflower.it\/es\/?s={search_term_string}"},"query-input":{"@type":"PropertyValueSpecification","valueRequired":true,"valueName":"search_term_string"}}],"inLanguage":"es"}]}},"acf":[],"_links":{"self":[{"href":"https:\/\/www.hotelsunflower.it\/es\/wp-json\/wp\/v2\/pages\/1127","targetHints":{"allow":["GET"]}}],"collection":[{"href":"https:\/\/www.hotelsunflower.it\/es\/wp-json\/wp\/v2\/pages"}],"about":[{"href":"https:\/\/www.hotelsunflower.it\/es\/wp-json\/wp\/v2\/types\/page"}],"author":[{"embeddable":true,"href":"https:\/\/www.hotelsunflower.it\/es\/wp-json\/wp\/v2\/users\/13"}],"replies":[{"embeddable":true,"href":"https:\/\/www.hotelsunflower.it\/es\/wp-json\/wp\/v2\/comments?post=1127"}],"version-history":[{"count":0,"href":"https:\/\/www.hotelsunflower.it\/es\/wp-json\/wp\/v2\/pages\/1127\/revisions"}],"wp:attachment":[{"href":"https:\/\/www.hotelsunflower.it\/es\/wp-json\/wp\/v2\/media?parent=1127"}],"curies":[{"name":"wp","href":"https:\/\/api.w.org\/{rel}","templated":true}]}}